{"id":1059,"date":"2024-11-19T22:55:38","date_gmt":"2024-11-19T22:55:38","guid":{"rendered":"https:\/\/www.mmaluminios.pt\/kommerling76-ad-xtrem\/"},"modified":"2026-05-05T12:45:44","modified_gmt":"2026-05-05T12:45:44","slug":"kommerling76-ad-xtrem","status":"publish","type":"page","link":"https:\/\/www.mmaluminios.pt\/en\/kommerling76-ad-xtrem\/","title":{"rendered":"K\u00f6mmerling76 AD Xtrem"},"content":{"rendered":"<p>[et_pb_section fb_built=&#8221;1&#8243; _builder_version=&#8221;4.27.0&#8243; _module_preset=&#8221;default&#8221; custom_padding=&#8221;100px||4px|||&#8221; global_colors_info=&#8221;{}&#8221;][et_pb_row _builder_version=&#8221;4.27.4&#8243; _module_preset=&#8221;default&#8221; global_colors_info=&#8221;{}&#8221;][et_pb_column type=&#8221;4_4&#8243; _builder_version=&#8221;4.27.4&#8243; _module_preset=&#8221;default&#8221; global_colors_info=&#8221;{}&#8221;][et_pb_divider show_divider=&#8221;off&#8221; _builder_version=&#8221;4.27.4&#8243; _module_preset=&#8221;default&#8221; global_colors_info=&#8221;{}&#8221;][\/et_pb_divider][\/et_pb_column][\/et_pb_row][et_pb_row _builder_version=&#8221;4.27.0&#8243; _module_preset=&#8221;default&#8221; custom_padding=&#8221;||2px|||&#8221; global_colors_info=&#8221;{}&#8221;][et_pb_column type=&#8221;4_4&#8243; _builder_version=&#8221;4.27.0&#8243; _module_preset=&#8221;default&#8221; global_colors_info=&#8221;{}&#8221;][et_pb_text _builder_version=&#8221;4.27.5&#8243; _module_preset=&#8221;default&#8221; header_text_color=&#8221;#51B1E5&#8243; text_orientation=&#8221;center&#8221; global_colors_info=&#8221;{}&#8221;]<\/p>\n<h1><strong>K\u00d6MMERLING76 AD XTREM<\/strong><\/h1>\n<p>[\/et_pb_text][et_pb_text _builder_version=&#8221;4.27.5&#8243; _module_preset=&#8221;default&#8221; custom_margin=&#8221;||56px|||&#8221; global_colors_info=&#8221;{}&#8221;]<\/p>\n<p data-start=\"1616\" data-end=\"1803\" style=\"text-align: center;\">The K\u00f6mmerling76 AD Xtrem system was created for those seeking PVC windows and doors that combine elegance, efficiency, and durability. With a modern design featuring straight lines, the K\u00f6mmerling76 AD Xtrem window allows for greater natural light entry, creating brighter and more pleasant spaces without compromising comfort or security. <\/p>\n<p>[\/et_pb_text][\/et_pb_column][\/et_pb_row][\/et_pb_section][et_pb_section fb_built=&#8221;1&#8243; _builder_version=&#8221;4.27.4&#8243; _module_preset=&#8221;default&#8221; background_color=&#8221;#efefef&#8221; custom_margin=&#8221;||56px|||&#8221; global_colors_info=&#8221;{}&#8221;][et_pb_row column_structure=&#8221;1_2,1_2&#8243; _builder_version=&#8221;4.27.4&#8243; _module_preset=&#8221;default&#8221; global_colors_info=&#8221;{}&#8221;][et_pb_column type=&#8221;1_2&#8243; _builder_version=&#8221;4.27.4&#8243; _module_preset=&#8221;default&#8221; global_colors_info=&#8221;{}&#8221;][et_pb_text _builder_version=&#8221;4.27.5&#8243; _module_preset=&#8221;default&#8221; text_font_size=&#8221;20px&#8221; global_colors_info=&#8221;{}&#8221;]<\/p>\n<p style=\"text-align: right;\">Invest in an efficient solution with a high-quality finish and make your home more <strong>comfortable<\/strong>, <strong>bright<\/strong>, and <strong>safe<\/strong>.<\/p>\n<p>[\/et_pb_text][\/et_pb_column][et_pb_column type=&#8221;1_2&#8243; _builder_version=&#8221;4.27.4&#8243; _module_preset=&#8221;default&#8221; global_colors_info=&#8221;{}&#8221;][et_pb_button url_new_window=&#8221;on&#8221; button_text=&#8221;CHECK OUR CATALOGS&#8221; button_alignment=&#8221;left&#8221; _builder_version=&#8221;4.27.5&#8243; _module_preset=&#8221;default&#8221; custom_button=&#8221;on&#8221; button_text_color=&#8221;#FFFFFF&#8221; button_bg_color=&#8221;#51B1E5&#8243; button_border_width=&#8221;0px&#8221; button_border_radius=&#8221;7px&#8221; custom_padding=&#8221;25px|100px|25px|100px|false|false&#8221; global_colors_info=&#8221;{}&#8221;][\/et_pb_button][\/et_pb_column][\/et_pb_row][\/et_pb_section][et_pb_section fb_built=&#8221;1&#8243; _builder_version=&#8221;4.27.0&#8243; _module_preset=&#8221;default&#8221; custom_padding=&#8221;5px||4px|||&#8221; global_colors_info=&#8221;{}&#8221;][et_pb_row column_structure=&#8221;1_3,2_3&#8243; _builder_version=&#8221;4.27.4&#8243; _module_preset=&#8221;default&#8221; min_height=&#8221;467px&#8221; custom_padding=&#8221;60px||60px|||&#8221; global_colors_info=&#8221;{}&#8221;][et_pb_column type=&#8221;1_3&#8243; _builder_version=&#8221;4.27.4&#8243; _module_preset=&#8221;default&#8221; global_colors_info=&#8221;{}&#8221;][et_pb_image src=&#8221;https:\/\/www.mmaluminios.pt\/wp-content\/uploads\/2025\/07\/sistema-kommerling76-ad-xtrem11.png&#8221; alt=&#8221;K\u00f6mmerling76 AD Xtrem window&#8221; title_text=&#8221;sistema-kommerling76-ad-xtrem%911%93%911%93&#8243; align=&#8221;right&#8221; _builder_version=&#8221;4.27.5&#8243; _module_preset=&#8221;default&#8221; global_colors_info=&#8221;{}&#8221;][\/et_pb_image][\/et_pb_column][et_pb_column type=&#8221;2_3&#8243; _builder_version=&#8221;4.27.4&#8243; _module_preset=&#8221;default&#8221; global_colors_info=&#8221;{}&#8221;][et_pb_text _builder_version=&#8221;4.27.5&#8243; _module_preset=&#8221;default&#8221; global_colors_info=&#8221;{}&#8221;]<\/p>\n<h2>More <strong>comfort<\/strong>, <strong>savings<\/strong><\/h2>\n<div class=\"et-pb-draggable-spacing et-pb-draggable-spacing__sizing et-pb-draggable-spacing__height et-pb-draggable-spacing__bottom et-pb-draggable-spacing--animated\"><\/div>\n<div class=\"et-pb-draggable-spacing__bottom et-pb-draggable-spacing__tooltip\"><\/div>\n<div class=\"et-pb-draggable-spacing et-pb-draggable-spacing__sizing et-pb-draggable-spacing__width et-pb-draggable-spacing__left et-pb-draggable-spacing--animated\"><\/div>\n<div class=\"et-pb-draggable-spacing__left et-pb-draggable-spacing__tooltip\"><\/div>\n<div class=\"et-pb-draggable-spacing et-pb-draggable-spacing__sizing et-pb-draggable-spacing__width et-pb-draggable-spacing__right et-pb-draggable-spacing--animated\"><\/div>\n<div class=\"et-pb-draggable-spacing__right et-pb-draggable-spacing__tooltip\"><\/div>\n<div class=\"et-pb-draggable-spacing et-pb-draggable-spacing--active et-pb-draggable-spacing__spacing et-pb-draggable-spacing__top et-pb-draggable-spacing__padding et-pb-draggable-spacing--animated et-pb-draggable-spacing--hovered\">\n<div class=\"et-pb-draggable-spacing__hint\"><\/div>\n<\/div>\n<div class=\"et-pb-draggable-spacing et-pb-draggable-spacing__spacing et-pb-draggable-spacing__bottom et-pb-draggable-spacing__padding et-pb-draggable-spacing--animated\">\n<div class=\"et-pb-draggable-spacing__hint\"><\/div>\n<\/div>\n<div class=\"et-pb-draggable-spacing et-pb-draggable-spacing__spacing et-pb-draggable-spacing__right et-pb-draggable-spacing__padding et-pb-draggable-spacing--animated et-pb-draggable-spacing--no-size\">\n<div class=\"et-pb-draggable-spacing__hint\"><\/div>\n<\/div>\n<div class=\"et-pb-draggable-spacing et-pb-draggable-spacing__spacing et-pb-draggable-spacing__left et-pb-draggable-spacing__padding et-pb-draggable-spacing--animated et-pb-draggable-spacing--no-size\">\n<div class=\"et-pb-draggable-spacing__hint\"><\/div>\n<\/div>\n<h2><strong><\/strong> and beauty for your home.<\/h2>\n<p>[\/et_pb_text][et_pb_blurb title=&#8221;More light inside the house&#8221; use_icon=&#8221;on&#8221; font_icon=&#8221;&#x35;||divi||400&#8243; icon_placement=&#8221;left&#8221; disabled_on=&#8221;on|on|off&#8221; _builder_version=&#8221;4.27.5&#8243; _module_preset=&#8221;default&#8221; header_font=&#8221;|600|||||||&#8221; body_text_align=&#8221;left&#8221; image_icon_custom_margin=&#8221;-8px||||false|false&#8221; custom_margin=&#8221;|||-250px|false|false&#8221; custom_padding=&#8221;|||0px||&#8221; global_colors_info=&#8221;{}&#8221;]<\/p>\n<p data-start=\"710\" data-end=\"864\">Thanks to the slimmer profile of the K\u00f6mmerling 76AD Xtrem window, more light enters the rooms, improving the environment and helping to save energy during the day.<\/p>\n<p>[\/et_pb_blurb][et_pb_blurb title=&#8221;More light inside the house&#8221; icon_placement=&#8221;left&#8221; disabled_on=&#8221;on|off|on&#8221; _builder_version=&#8221;4.27.5&#8243; _module_preset=&#8221;default&#8221; header_font=&#8221;|600|||||||&#8221; body_text_align=&#8221;left&#8221; image_icon_custom_margin=&#8221;-8px||||false|false&#8221; module_alignment=&#8221;center&#8221; custom_margin=&#8221;|||-250px|false|false&#8221; custom_padding=&#8221;|||0px||&#8221; global_colors_info=&#8221;{}&#8221;]<\/p>\n<p data-start=\"710\" data-end=\"864\">Thanks to the slimmer profile of the K\u00f6mmerling 76AD Xtrem window, more light enters the rooms, improving the environment and helping to save energy during the day.<\/p>\n<p>[\/et_pb_blurb][et_pb_blurb title=&#8221;More light inside the house&#8221; icon_placement=&#8221;left&#8221; content_max_width=&#8221;400px&#8221; disabled_on=&#8221;off|on|on&#8221; _builder_version=&#8221;4.27.5&#8243; _module_preset=&#8221;default&#8221; header_font=&#8221;|600|||||||&#8221; body_text_align=&#8221;left&#8221; image_icon_custom_margin=&#8221;-8px||||false|false&#8221; z_index=&#8221;0&#8243; width=&#8221;100%&#8221; module_alignment=&#8221;center&#8221; custom_margin=&#8221;||30px|-250px|false|false&#8221; custom_padding=&#8221;|0px||0px||&#8221; z_index_tablet=&#8221;0&#8243; z_index_phone=&#8221;0&#8243; z_index_last_edited=&#8221;on|phone&#8221; module_alignment_last_edited=&#8221;off|phone&#8221; global_colors_info=&#8221;{}&#8221;]<\/p>\n<p data-start=\"710\" data-end=\"864\">Thanks to the slimmer profile of the K\u00f6mmerling 76AD Xtrem window, more light enters the rooms, improving the environment and helping to save energy during the day.<\/p>\n<p>[\/et_pb_blurb][et_pb_blurb title=&#8221;Comfort in any season&#8221; use_icon=&#8221;on&#8221; font_icon=&#8221;&#x35;||divi||400&#8243; icon_placement=&#8221;left&#8221; disabled_on=&#8221;on|on|off&#8221; _builder_version=&#8221;4.27.5&#8243; _module_preset=&#8221;default&#8221; header_font=&#8221;|600|||||||&#8221; image_icon_custom_margin=&#8221;-8px||||false|false&#8221; custom_margin=&#8221;|||-250px|false|false&#8221; custom_padding=&#8221;||2px|||&#8221; global_colors_info=&#8221;{}&#8221;]<\/p>\n<p data-start=\"868\" data-end=\"1032\" style=\"text-align: left;\">It insulates your home from the cold in winter and the heat in summer, providing a more stable and pleasant temperature all year round.<\/p>\n<p>[\/et_pb_blurb][et_pb_blurb title=&#8221;Comfort in any season&#8221; icon_placement=&#8221;left&#8221; disabled_on=&#8221;on|off|on&#8221; _builder_version=&#8221;4.27.5&#8243; _module_preset=&#8221;default&#8221; header_font=&#8221;|600|||||||&#8221; image_icon_custom_margin=&#8221;-8px||||false|false&#8221; module_alignment=&#8221;center&#8221; custom_margin=&#8221;|||-250px|false|false&#8221; custom_padding=&#8221;||2px|||&#8221; global_colors_info=&#8221;{}&#8221;]<\/p>\n<p data-start=\"868\" data-end=\"1032\" style=\"text-align: left;\">It insulates your home from the cold in winter and the heat in summer, providing a more stable and pleasant temperature all year round.<\/p>\n<p>[\/et_pb_blurb][et_pb_blurb title=&#8221;Comfort in any season&#8221; icon_placement=&#8221;left&#8221; content_max_width=&#8221;400px&#8221; disabled_on=&#8221;off|on|on&#8221; _builder_version=&#8221;4.27.5&#8243; _module_preset=&#8221;default&#8221; header_font=&#8221;|600|||||||&#8221; image_icon_custom_margin=&#8221;-8px||||false|false&#8221; width=&#8221;100%&#8221; module_alignment=&#8221;center&#8221; custom_margin=&#8221;||30px|-250px|false|false&#8221; global_colors_info=&#8221;{}&#8221;]<\/p>\n<p data-start=\"868\" data-end=\"1032\" style=\"text-align: left;\">It insulates your home from the cold in winter and the heat in summer, providing a more stable and pleasant temperature all year round.<\/p>\n<p>[\/et_pb_blurb][et_pb_blurb title=&#8221;Maximum security&#8221; use_icon=&#8221;on&#8221; font_icon=&#8221;&#x35;||divi||400&#8243; icon_placement=&#8221;left&#8221; disabled_on=&#8221;on|on|off&#8221; _builder_version=&#8221;4.27.5&#8243; _module_preset=&#8221;default&#8221; header_font=&#8221;|600|||||||&#8221; image_icon_custom_margin=&#8221;-8px||||false|false&#8221; custom_margin=&#8221;|||-250px|false|false&#8221; global_colors_info=&#8221;{}&#8221;]<\/p>\n<p data-start=\"1036\" data-end=\"1147\">The reinforced structure of the K\u00f6mmerling76 AD Xtrem window, which contains high-strength steel, gives you more protection and peace of mind.<\/p>\n<p>[\/et_pb_blurb][et_pb_blurb title=&#8221;Maximum security&#8221; icon_placement=&#8221;left&#8221; disabled_on=&#8221;on|off|on&#8221; _builder_version=&#8221;4.27.5&#8243; _module_preset=&#8221;default&#8221; header_font=&#8221;|600|||||||&#8221; image_icon_custom_margin=&#8221;-8px||||false|false&#8221; module_alignment=&#8221;center&#8221; custom_margin=&#8221;|||-250px|false|false&#8221; global_colors_info=&#8221;{}&#8221;]<\/p>\n<p data-start=\"1036\" data-end=\"1147\">The reinforced structure of the K\u00f6mmerling76 AD Xtrem window, which contains high-strength steel, gives you more protection and peace of mind.<\/p>\n<p>[\/et_pb_blurb][et_pb_blurb title=&#8221;Maximum security&#8221; icon_placement=&#8221;left&#8221; content_max_width=&#8221;400px&#8221; disabled_on=&#8221;off|on|on&#8221; _builder_version=&#8221;4.27.5&#8243; _module_preset=&#8221;default&#8221; header_font=&#8221;|600|||||||&#8221; image_icon_custom_margin=&#8221;-8px||||false|false&#8221; width=&#8221;100%&#8221; module_alignment=&#8221;center&#8221; custom_margin=&#8221;|||-250px|false|false&#8221; global_colors_info=&#8221;{}&#8221;]<\/p>\n<p data-start=\"1036\" data-end=\"1147\">The reinforced structure of the K\u00f6mmerling76 AD Xtrem window, which contains high-strength steel, gives you more protection and peace of mind.<\/p>\n<p>[\/et_pb_blurb][\/et_pb_column][\/et_pb_row][\/et_pb_section][et_pb_section fb_built=&#8221;1&#8243; fullwidth=&#8221;on&#8221; _builder_version=&#8221;4.27.4&#8243; _module_preset=&#8221;default&#8221; global_colors_info=&#8221;{}&#8221;][et_pb_fullwidth_image src=&#8221;https:\/\/www.mmaluminios.pt\/wp-content\/uploads\/2025\/07\/Quer-mais-conforto-seguranca-e-eficiencia-na-sua-casa-3.png&#8221; title_text=&#8221;Want more comfort, security and efficiency in your home (3)&#8221; _builder_version=&#8221;4.27.4&#8243; _module_preset=&#8221;default&#8221; global_colors_info=&#8221;{}&#8221;][\/et_pb_fullwidth_image][\/et_pb_section]<\/p>\n","protected":false},"excerpt":{"rendered":"<p>K\u00d6MMERLING76 AD XTREMThe K\u00f6mmerling76 AD Xtrem system was created for those seeking PVC windows and doors that combine elegance, efficiency, and durability. With a modern design featuring straight lines, the K\u00f6mmerling76 AD Xtrem window allows for greater natural light entry, creating brighter and more pleasant spaces without compromising comfort or security. Invest in an efficient [&hellip;]<\/p>\n","protected":false},"author":1,"featured_media":0,"parent":0,"menu_order":0,"comment_status":"closed","ping_status":"closed","template":"","meta":{"_et_pb_use_builder":"on","_et_pb_old_content":"","_et_gb_content_width":"","footnotes":""},"class_list":["post-1059","page","type-page","status-publish","hentry"],"yoast_head":"<!-- This site is optimized with the Yoast SEO plugin v27.3 - https:\/\/yoast.com\/product\/yoast-seo-wordpress\/ -->\n<title>K\u00f6mmerling76 AD Xtrem - PVC window | MMAlum\u00ednios<\/title>\n<meta name=\"description\" content=\"The K\u00f6mmerling76 AD Xtrem PVC window was designed for those who want to combine elegance, efficiency, and durability. Request your estimate.\" \/>\n<meta name=\"robots\" content=\"index, follow, max-snippet:-1, max-image-preview:large, max-video-preview:-1\" \/>\n<link rel=\"canonical\" href=\"https:\/\/www.mmaluminios.pt\/en\/kommerling76-ad-xtrem\/\" \/>\n<meta property=\"og:locale\" content=\"en_US\" \/>\n<meta property=\"og:type\" content=\"article\" \/>\n<meta property=\"og:title\" content=\"K\u00f6mmerling76 AD Xtrem - PVC window | MMAlum\u00ednios\" \/>\n<meta property=\"og:description\" content=\"The K\u00f6mmerling76 AD Xtrem PVC window was designed for those who want to combine elegance, efficiency, and durability. Request your estimate.\" \/>\n<meta property=\"og:url\" content=\"https:\/\/www.mmaluminios.pt\/en\/kommerling76-ad-xtrem\/\" \/>\n<meta property=\"og:site_name\" content=\"MMAluminios\" \/>\n<meta property=\"article:publisher\" content=\"https:\/\/www.facebook.com\/janelas.mmaluminios\" \/>\n<meta property=\"article:modified_time\" content=\"2026-05-05T12:45:44+00:00\" \/>\n<meta name=\"twitter:card\" content=\"summary_large_image\" \/>\n<meta name=\"twitter:label1\" content=\"Est. reading time\" \/>\n\t<meta name=\"twitter:data1\" content=\"6 minutes\" \/>\n<script type=\"application\/ld+json\" class=\"yoast-schema-graph\">{\"@context\":\"https:\\\/\\\/schema.org\",\"@graph\":[{\"@type\":\"WebPage\",\"@id\":\"https:\\\/\\\/www.mmaluminios.pt\\\/en\\\/kommerling76-ad-xtrem\\\/\",\"url\":\"https:\\\/\\\/www.mmaluminios.pt\\\/en\\\/kommerling76-ad-xtrem\\\/\",\"name\":\"K\u00f6mmerling76 AD Xtrem - PVC window | MMAlum\u00ednios\",\"isPartOf\":{\"@id\":\"https:\\\/\\\/www.mmaluminios.pt\\\/#website\"},\"datePublished\":\"2024-11-19T22:55:38+00:00\",\"dateModified\":\"2026-05-05T12:45:44+00:00\",\"description\":\"The K\u00f6mmerling76 AD Xtrem PVC window was designed for those who want to combine elegance, efficiency, and durability. Request your estimate.\",\"breadcrumb\":{\"@id\":\"https:\\\/\\\/www.mmaluminios.pt\\\/en\\\/kommerling76-ad-xtrem\\\/#breadcrumb\"},\"inLanguage\":\"en-US\",\"potentialAction\":[{\"@type\":\"ReadAction\",\"target\":[\"https:\\\/\\\/www.mmaluminios.pt\\\/en\\\/kommerling76-ad-xtrem\\\/\"]}]},{\"@type\":\"BreadcrumbList\",\"@id\":\"https:\\\/\\\/www.mmaluminios.pt\\\/en\\\/kommerling76-ad-xtrem\\\/#breadcrumb\",\"itemListElement\":[{\"@type\":\"ListItem\",\"position\":1,\"name\":\"In\u00edcio\",\"item\":\"https:\\\/\\\/www.mmaluminios.pt\\\/en\\\/home\\\/\"},{\"@type\":\"ListItem\",\"position\":2,\"name\":\"K\u00f6mmerling76 AD Xtrem\"}]},{\"@type\":\"WebSite\",\"@id\":\"https:\\\/\\\/www.mmaluminios.pt\\\/#website\",\"url\":\"https:\\\/\\\/www.mmaluminios.pt\\\/\",\"name\":\"MMAluminios\",\"description\":\"MMAluminios\",\"publisher\":{\"@id\":\"https:\\\/\\\/www.mmaluminios.pt\\\/#organization\"},\"potentialAction\":[{\"@type\":\"SearchAction\",\"target\":{\"@type\":\"EntryPoint\",\"urlTemplate\":\"https:\\\/\\\/www.mmaluminios.pt\\\/?s={search_term_string}\"},\"query-input\":{\"@type\":\"PropertyValueSpecification\",\"valueRequired\":true,\"valueName\":\"search_term_string\"}}],\"inLanguage\":\"en-US\"},{\"@type\":\"Organization\",\"@id\":\"https:\\\/\\\/www.mmaluminios.pt\\\/#organization\",\"name\":\"MMAluminios\",\"url\":\"https:\\\/\\\/www.mmaluminios.pt\\\/\",\"logo\":{\"@type\":\"ImageObject\",\"inLanguage\":\"en-US\",\"@id\":\"https:\\\/\\\/www.mmaluminios.pt\\\/#\\\/schema\\\/logo\\\/image\\\/\",\"url\":\"https:\\\/\\\/www.mmaluminios.pt\\\/wp-content\\\/uploads\\\/2026\\\/01\\\/Sem-titulo-1.png\",\"contentUrl\":\"https:\\\/\\\/www.mmaluminios.pt\\\/wp-content\\\/uploads\\\/2026\\\/01\\\/Sem-titulo-1.png\",\"width\":1091,\"height\":240,\"caption\":\"MMAluminios\"},\"image\":{\"@id\":\"https:\\\/\\\/www.mmaluminios.pt\\\/#\\\/schema\\\/logo\\\/image\\\/\"},\"sameAs\":[\"https:\\\/\\\/www.facebook.com\\\/janelas.mmaluminios\",\"https:\\\/\\\/www.instagram.com\\\/mmaluminios.janelas\\\/\",\"https:\\\/\\\/www.linkedin.com\\\/company\\\/empresa-mmalumnios\"]}]}<\/script>\n<!-- \/ Yoast SEO plugin. -->","yoast_head_json":{"title":"K\u00f6mmerling76 AD Xtrem - PVC window | MMAlum\u00ednios","description":"The K\u00f6mmerling76 AD Xtrem PVC window was designed for those who want to combine elegance, efficiency, and durability. Request your estimate.","robots":{"index":"index","follow":"follow","max-snippet":"max-snippet:-1","max-image-preview":"max-image-preview:large","max-video-preview":"max-video-preview:-1"},"canonical":"https:\/\/www.mmaluminios.pt\/en\/kommerling76-ad-xtrem\/","og_locale":"en_US","og_type":"article","og_title":"K\u00f6mmerling76 AD Xtrem - PVC window | MMAlum\u00ednios","og_description":"The K\u00f6mmerling76 AD Xtrem PVC window was designed for those who want to combine elegance, efficiency, and durability. Request your estimate.","og_url":"https:\/\/www.mmaluminios.pt\/en\/kommerling76-ad-xtrem\/","og_site_name":"MMAluminios","article_publisher":"https:\/\/www.facebook.com\/janelas.mmaluminios","article_modified_time":"2026-05-05T12:45:44+00:00","twitter_card":"summary_large_image","twitter_misc":{"Est. reading time":"6 minutes"},"schema":{"@context":"https:\/\/schema.org","@graph":[{"@type":"WebPage","@id":"https:\/\/www.mmaluminios.pt\/en\/kommerling76-ad-xtrem\/","url":"https:\/\/www.mmaluminios.pt\/en\/kommerling76-ad-xtrem\/","name":"K\u00f6mmerling76 AD Xtrem - PVC window | MMAlum\u00ednios","isPartOf":{"@id":"https:\/\/www.mmaluminios.pt\/#website"},"datePublished":"2024-11-19T22:55:38+00:00","dateModified":"2026-05-05T12:45:44+00:00","description":"The K\u00f6mmerling76 AD Xtrem PVC window was designed for those who want to combine elegance, efficiency, and durability. Request your estimate.","breadcrumb":{"@id":"https:\/\/www.mmaluminios.pt\/en\/kommerling76-ad-xtrem\/#breadcrumb"},"inLanguage":"en-US","potentialAction":[{"@type":"ReadAction","target":["https:\/\/www.mmaluminios.pt\/en\/kommerling76-ad-xtrem\/"]}]},{"@type":"BreadcrumbList","@id":"https:\/\/www.mmaluminios.pt\/en\/kommerling76-ad-xtrem\/#breadcrumb","itemListElement":[{"@type":"ListItem","position":1,"name":"In\u00edcio","item":"https:\/\/www.mmaluminios.pt\/en\/home\/"},{"@type":"ListItem","position":2,"name":"K\u00f6mmerling76 AD Xtrem"}]},{"@type":"WebSite","@id":"https:\/\/www.mmaluminios.pt\/#website","url":"https:\/\/www.mmaluminios.pt\/","name":"MMAluminios","description":"MMAluminios","publisher":{"@id":"https:\/\/www.mmaluminios.pt\/#organization"},"potentialAction":[{"@type":"SearchAction","target":{"@type":"EntryPoint","urlTemplate":"https:\/\/www.mmaluminios.pt\/?s={search_term_string}"},"query-input":{"@type":"PropertyValueSpecification","valueRequired":true,"valueName":"search_term_string"}}],"inLanguage":"en-US"},{"@type":"Organization","@id":"https:\/\/www.mmaluminios.pt\/#organization","name":"MMAluminios","url":"https:\/\/www.mmaluminios.pt\/","logo":{"@type":"ImageObject","inLanguage":"en-US","@id":"https:\/\/www.mmaluminios.pt\/#\/schema\/logo\/image\/","url":"https:\/\/www.mmaluminios.pt\/wp-content\/uploads\/2026\/01\/Sem-titulo-1.png","contentUrl":"https:\/\/www.mmaluminios.pt\/wp-content\/uploads\/2026\/01\/Sem-titulo-1.png","width":1091,"height":240,"caption":"MMAluminios"},"image":{"@id":"https:\/\/www.mmaluminios.pt\/#\/schema\/logo\/image\/"},"sameAs":["https:\/\/www.facebook.com\/janelas.mmaluminios","https:\/\/www.instagram.com\/mmaluminios.janelas\/","https:\/\/www.linkedin.com\/company\/empresa-mmalumnios"]}]}},"_links":{"self":[{"href":"https:\/\/www.mmaluminios.pt\/en\/wp-json\/wp\/v2\/pages\/1059","targetHints":{"allow":["GET"]}}],"collection":[{"href":"https:\/\/www.mmaluminios.pt\/en\/wp-json\/wp\/v2\/pages"}],"about":[{"href":"https:\/\/www.mmaluminios.pt\/en\/wp-json\/wp\/v2\/types\/page"}],"author":[{"embeddable":true,"href":"https:\/\/www.mmaluminios.pt\/en\/wp-json\/wp\/v2\/users\/1"}],"replies":[{"embeddable":true,"href":"https:\/\/www.mmaluminios.pt\/en\/wp-json\/wp\/v2\/comments?post=1059"}],"version-history":[{"count":17,"href":"https:\/\/www.mmaluminios.pt\/en\/wp-json\/wp\/v2\/pages\/1059\/revisions"}],"predecessor-version":[{"id":1513,"href":"https:\/\/www.mmaluminios.pt\/en\/wp-json\/wp\/v2\/pages\/1059\/revisions\/1513"}],"wp:attachment":[{"href":"https:\/\/www.mmaluminios.pt\/en\/wp-json\/wp\/v2\/media?parent=1059"}],"curies":[{"name":"wp","href":"https:\/\/api.w.org\/{rel}","templated":true}]}}