{"id":1056,"date":"2025-07-09T14:37:03","date_gmt":"2025-07-09T14:37:03","guid":{"rendered":"https:\/\/www.mmaluminios.pt\/pvc-windows\/"},"modified":"2026-05-05T12:41:25","modified_gmt":"2026-05-05T12:41:25","slug":"pvc-windows","status":"publish","type":"page","link":"https:\/\/www.mmaluminios.pt\/en\/pvc-windows\/","title":{"rendered":"PVC windows"},"content":{"rendered":"<p>[et_pb_section fb_built=&#8221;1&#8243; _builder_version=&#8221;4.27.4&#8243; _module_preset=&#8221;default&#8221; custom_padding=&#8221;4px|||||&#8221; global_colors_info=&#8221;{}&#8221;][et_pb_row _builder_version=&#8221;4.27.0&#8243; _module_preset=&#8221;default&#8221; custom_padding=&#8221;100px|||||&#8221; global_colors_info=&#8221;{}&#8221;][et_pb_column type=&#8221;4_4&#8243; _builder_version=&#8221;4.27.0&#8243; _module_preset=&#8221;default&#8221; global_colors_info=&#8221;{}&#8221;][et_pb_text _builder_version=&#8221;4.27.4&#8243; _module_preset=&#8221;default&#8221; header_text_color=&#8221;#51B1E5&#8243; text_orientation=&#8221;center&#8221; global_colors_info=&#8221;{}&#8221;]<\/p>\n<h1><strong>PVC WINDOWS<\/strong><\/h1>\n<p>[\/et_pb_text][et_pb_text _builder_version=&#8221;4.27.5&#8243; _module_preset=&#8221;default&#8221; text_orientation=&#8221;center&#8221; global_colors_info=&#8221;{}&#8221;]<\/p>\n<p data-start=\"199\" data-end=\"473\">PVC windows offer numerous advantages that can transform and improve the comfort and efficiency of your home. At MMAlum\u00ednios, we specialize in high-quality PVC window solutions, manufactured with profiles from the German brand K\u00f6mmerling, a European leader in the sector. <\/p>\n<p data-start=\"475\" data-end=\"669\">All our products are manufactured in Portugal, using state-of-the-art technology and the best materials, thus guaranteeing durability, safety and an excellent finish.<\/p>\n<p>[\/et_pb_text][\/et_pb_column][\/et_pb_row][et_pb_row column_structure=&#8221;1_2,1_2&#8243; _builder_version=&#8221;4.27.4&#8243; _module_preset=&#8221;default&#8221; global_colors_info=&#8221;{}&#8221;][et_pb_column type=&#8221;1_2&#8243; _builder_version=&#8221;4.27.4&#8243; _module_preset=&#8221;default&#8221; global_colors_info=&#8221;{}&#8221;][et_pb_text _builder_version=&#8221;4.27.5&#8243; _module_preset=&#8221;default&#8221; text_text_color=&#8221;#FFFFFF&#8221; text_line_height=&#8221;0.7em&#8221; header_text_align=&#8221;left&#8221; background_color=&#8221;#51B1E5&#8243; transform_scale_tablet=&#8221;&#8221; transform_scale_phone=&#8221;&#8221; transform_scale_last_edited=&#8221;on|tablet&#8221; transform_translate=&#8221;100px|0px&#8221; transform_translate_tablet=&#8221;0px|0px&#8221; transform_translate_phone=&#8221;0px|0px&#8221; transform_translate_last_edited=&#8221;on|phone&#8221; transform_translate_linked=&#8221;off&#8221; transform_rotate_tablet=&#8221;&#8221; transform_rotate_phone=&#8221;&#8221; transform_rotate_last_edited=&#8221;on|tablet&#8221; transform_skew_tablet=&#8221;&#8221; transform_skew_phone=&#8221;&#8221; transform_skew_last_edited=&#8221;on|tablet&#8221; transform_origin_tablet=&#8221;&#8221; transform_origin_phone=&#8221;&#8221; transform_origin_last_edited=&#8221;on|tablet&#8221; transform_styles_last_edited=&#8221;on|phone&#8221; custom_margin=&#8221;|100px|0px|100px|false|false&#8221; custom_margin_tablet=&#8221;|0px||0px|false|false&#8221; custom_margin_phone=&#8221;|0px||0px|false|false&#8221; custom_margin_last_edited=&#8221;on|tablet&#8221; custom_padding=&#8221;50px|0px|50px|0px|false|false&#8221; link_option_url=&#8221;https:\/\/www.mmaluminios.pt\/en\/kommerling76-ad-xtrem\/&#8221; hover_enabled=&#8221;0&#8243; transform_styles_tablet=&#8221;&#8221; transform_styles_phone=&#8221;&#8221; global_colors_info=&#8221;{}&#8221; sticky_enabled=&#8221;0&#8243;]<\/p>\n<p style=\"text-align: center;\"><strong>K\u00d6MMERLING76 AD XTREM<\/strong><\/p>\n<p style=\"text-align: center;\">Opening series<\/p>\n<p>[\/et_pb_text][\/et_pb_column][et_pb_column type=&#8221;1_2&#8243; _builder_version=&#8221;4.27.4&#8243; _module_preset=&#8221;default&#8221; global_colors_info=&#8221;{}&#8221;][et_pb_text _builder_version=&#8221;4.27.5&#8243; _module_preset=&#8221;default&#8221; text_text_color=&#8221;#FFFFFF&#8221; text_line_height=&#8221;0.7em&#8221; header_text_align=&#8221;left&#8221; background_color=&#8221;#51B1E5&#8243; transform_scale_tablet=&#8221;&#8221; transform_scale_phone=&#8221;&#8221; transform_scale_last_edited=&#8221;on|phone&#8221; transform_scale_linked=&#8221;off&#8221; transform_translate=&#8221;-100px|0px&#8221; transform_translate_tablet=&#8221;0px|0px&#8221; transform_translate_phone=&#8221;0px|0px&#8221; transform_translate_last_edited=&#8221;on|tablet&#8221; transform_translate_linked=&#8221;off&#8221; transform_rotate_tablet=&#8221;&#8221; transform_rotate_phone=&#8221;&#8221; transform_rotate_last_edited=&#8221;on|phone&#8221; transform_skew_tablet=&#8221;&#8221; transform_skew_phone=&#8221;&#8221; transform_skew_last_edited=&#8221;on|phone&#8221; transform_origin_tablet=&#8221;&#8221; transform_origin_phone=&#8221;&#8221; transform_origin_last_edited=&#8221;on|phone&#8221; transform_styles_last_edited=&#8221;on|tablet&#8221; custom_margin=&#8221;|100px||100px|false|false&#8221; custom_margin_tablet=&#8221;|0px||0px|false|false&#8221; custom_margin_phone=&#8221;|0px||0px|false|false&#8221; custom_margin_last_edited=&#8221;on|phone&#8221; custom_padding=&#8221;50px|0px|50px|0px|false|false&#8221; link_option_url=&#8221;https:\/\/www.mmaluminios.pt\/en\/kommerling76-md-xtrem\/&#8221; hover_enabled=&#8221;0&#8243; transform_styles_tablet=&#8221;&#8221; transform_styles_phone=&#8221;&#8221; global_colors_info=&#8221;{}&#8221; sticky_enabled=&#8221;0&#8243;]<\/p>\n<p style=\"text-align: center;\"><strong>K\u00d6MMERLING76 MD XTREM<\/strong><\/p>\n<p style=\"text-align: center;\">Opening series<\/p>\n<p>[\/et_pb_text][\/et_pb_column][\/et_pb_row][et_pb_row column_structure=&#8221;1_3,1_3,1_3&#8243; _builder_version=&#8221;4.27.4&#8243; _module_preset=&#8221;default&#8221; global_colors_info=&#8221;{}&#8221;][et_pb_column type=&#8221;1_3&#8243; _builder_version=&#8221;4.27.4&#8243; _module_preset=&#8221;default&#8221; global_colors_info=&#8221;{}&#8221;][et_pb_text _builder_version=&#8221;4.27.4&#8243; _module_preset=&#8221;default&#8221; text_text_color=&#8221;#FFFFFF&#8221; text_line_height=&#8221;0.7em&#8221; header_text_align=&#8221;left&#8221; background_color=&#8221;#b3b3b3&#8243; transform_translate_linked=&#8221;off&#8221; custom_margin=&#8221;|0px|0px|0px|false|false&#8221; custom_padding=&#8221;50px|0px|50px|0px|false|false&#8221; link_option_url=&#8221;https:\/\/www.mmaluminios.pt\/en\/premiline\/&#8221; hover_enabled=&#8221;0&#8243; global_colors_info=&#8221;{}&#8221; sticky_enabled=&#8221;0&#8243;]<\/p>\n<p style=\"text-align: center;\"><strong>PREMILINE<\/strong><\/p>\n<p style=\"text-align: center;\">Sliding series<\/p>\n<p>[\/et_pb_text][\/et_pb_column][et_pb_column type=&#8221;1_3&#8243; _builder_version=&#8221;4.27.4&#8243; _module_preset=&#8221;default&#8221; global_colors_info=&#8221;{}&#8221;][et_pb_text _builder_version=&#8221;4.27.4&#8243; _module_preset=&#8221;default&#8221; text_text_color=&#8221;#FFFFFF&#8221; text_line_height=&#8221;0.7em&#8221; header_text_align=&#8221;left&#8221; background_color=&#8221;#b3b3b3&#8243; transform_translate_linked=&#8221;off&#8221; custom_margin=&#8221;|0px|0px|0px|false|false&#8221; custom_padding=&#8221;50px|0px|50px|0px|false|false&#8221; link_option_url=&#8221;https:\/\/www.mmaluminios.pt\/en\/premidoor\/&#8221; hover_enabled=&#8221;0&#8243; global_colors_info=&#8221;{}&#8221; sticky_enabled=&#8221;0&#8243;]<\/p>\n<p style=\"text-align: center;\"><strong>PREMIDOOR<\/strong><\/p>\n<p style=\"text-align: center;\">Sliding series &#8211; large dimensions<\/p>\n<p>[\/et_pb_text][\/et_pb_column][et_pb_column type=&#8221;1_3&#8243; _builder_version=&#8221;4.27.4&#8243; _module_preset=&#8221;default&#8221; global_colors_info=&#8221;{}&#8221;][et_pb_text _builder_version=&#8221;4.27.5&#8243; _module_preset=&#8221;default&#8221; text_text_color=&#8221;#FFFFFF&#8221; text_line_height=&#8221;0.7em&#8221; header_text_align=&#8221;left&#8221; background_color=&#8221;#b3b3b3&#8243; transform_translate_linked=&#8221;off&#8221; custom_margin=&#8221;|0px|0px|0px|false|false&#8221; custom_padding=&#8221;50px|0px|50px|0px|false|false&#8221; link_option_url=&#8221;https:\/\/www.mmaluminios.pt\/en\/premislide\/&#8221; hover_enabled=&#8221;0&#8243; global_colors_info=&#8221;{}&#8221; sticky_enabled=&#8221;0&#8243;]<\/p>\n<p style=\"text-align: center;\"><strong>PREMISLIDE<\/strong><\/p>\n<p style=\"text-align: center;\">Sliding series &#8211; parallel<\/p>\n<p>[\/et_pb_text][\/et_pb_column][\/et_pb_row][\/et_pb_section][et_pb_section fb_built=&#8221;1&#8243; _builder_version=&#8221;4.27.4&#8243; _module_preset=&#8221;default&#8221; background_color=&#8221;#efefef&#8221; global_colors_info=&#8221;{}&#8221;][et_pb_row column_structure=&#8221;3_5,2_5&#8243; _builder_version=&#8221;4.27.4&#8243; _module_preset=&#8221;default&#8221; global_colors_info=&#8221;{}&#8221;][et_pb_column type=&#8221;3_5&#8243; _builder_version=&#8221;4.27.4&#8243; _module_preset=&#8221;default&#8221; global_colors_info=&#8221;{}&#8221;][et_pb_image src=&#8221;https:\/\/www.mmaluminios.pt\/wp-content\/uploads\/2025\/12\/Aderente-6.png&#8221; title_text=&#8221;adherent&#8221; _builder_version=&#8221;4.27.4&#8243; _module_preset=&#8221;default&#8221; box_shadow_style=&#8221;preset1&#8243; global_colors_info=&#8221;{}&#8221;][\/et_pb_image][\/et_pb_column][et_pb_column type=&#8221;2_5&#8243; _builder_version=&#8221;4.27.4&#8243; _module_preset=&#8221;default&#8221; global_colors_info=&#8221;{}&#8221;][et_pb_text _builder_version=&#8221;4.27.4&#8243; _module_preset=&#8221;default&#8221; header_text_color=&#8221;#000000&#8243; header_font_size=&#8221;35px&#8221; custom_margin=&#8221;||0px|||&#8221; custom_padding=&#8221;||16px|||&#8221; global_colors_info=&#8221;{}&#8221;]<\/p>\n<h1 style=\"text-align: left;\">YOU DREAM IT,<\/h1>\n<h1 style=\"text-align: left;\">WE EXECUTE IT<\/h1>\n<p>[\/et_pb_text][et_pb_text _builder_version=&#8221;4.27.4&#8243; _module_preset=&#8221;default&#8221; global_colors_info=&#8221;{}&#8221;]<\/p>\n<p>We help choose the ideal solution for each project with personalized support.<\/p>\n<p>We analyze your needs, the style of the house, and efficiency goals, offering technical and aesthetic recommendations that ensure the ideal outcome.<\/p>\n<p>[\/et_pb_text][et_pb_button button_url=&#8221;https:\/\/www.mmaluminios.pt\/en\/request-for-quote\/&#8221; button_text=&#8221;REQUEST YOUR FREE ESTIMATE&#8221; button_alignment=&#8221;center&#8221; _builder_version=&#8221;4.27.4&#8243; _module_preset=&#8221;default&#8221; custom_button=&#8221;on&#8221; button_text_size=&#8221;18px&#8221; button_text_color=&#8221;#FFFFFF&#8221; button_bg_color=&#8221;#51B1E5&#8243; button_border_color=&#8221;#51B1E5&#8243; button_border_radius=&#8221;7px&#8221; button_font=&#8221;|700|||||||&#8221; button_icon_color=&#8221;#FFFFFF&#8221; custom_padding=&#8221;25px|110px|25px|110px|false|false&#8221; box_shadow_style=&#8221;preset1&#8243; locked=&#8221;off&#8221; global_colors_info=&#8221;{}&#8221;][\/et_pb_button][\/et_pb_column][\/et_pb_row][\/et_pb_section][et_pb_section fb_built=&#8221;1&#8243; _builder_version=&#8221;4.27.4&#8243; _module_preset=&#8221;default&#8221; background_enable_color=&#8221;off&#8221; min_height=&#8221;791.2px&#8221; custom_margin=&#8221;100px||-300px||false|false&#8221; custom_padding=&#8221;2px||0px||false|false&#8221; global_colors_info=&#8221;{}&#8221;][et_pb_row _builder_version=&#8221;4.27.4&#8243; _module_preset=&#8221;default&#8221; global_colors_info=&#8221;{}&#8221;][et_pb_column type=&#8221;4_4&#8243; _builder_version=&#8221;4.27.4&#8243; _module_preset=&#8221;default&#8221; global_colors_info=&#8221;{}&#8221;][et_pb_text _builder_version=&#8221;4.27.4&#8243; _module_preset=&#8221;default&#8221; text_text_color=&#8221;#000000&#8243; header_text_color=&#8221;#51B1E5&#8243; header_2_text_color=&#8221;#51B1E5&#8243; global_colors_info=&#8221;{}&#8221;]<\/p>\n<h2 style=\"text-align: left;\">THE ADVANTAGES ARE CLEAR<\/h2>\n<p>[\/et_pb_text][et_pb_divider color=&#8221;#000000&#8243; divider_weight=&#8221;2px&#8221; _builder_version=&#8221;4.27.4&#8243; _module_preset=&#8221;default&#8221; custom_margin=&#8221;-35px||-23px||false|false&#8221; global_colors_info=&#8221;{}&#8221;][\/et_pb_divider][\/et_pb_column][\/et_pb_row][et_pb_row column_structure=&#8221;1_2,1_2&#8243; _builder_version=&#8221;4.27.4&#8243; _module_preset=&#8221;default&#8221; global_colors_info=&#8221;{}&#8221;][et_pb_column type=&#8221;1_2&#8243; _builder_version=&#8221;4.27.4&#8243; _module_preset=&#8221;default&#8221; global_colors_info=&#8221;{}&#8221;][et_pb_blurb title=&#8221;comfort&#8221; use_icon=&#8221;on&#8221; font_icon=&#8221;&#xf64f;||fa||900&#8243; icon_color=&#8221;#51b1e5&#8243; icon_placement=&#8221;left&#8221; image_icon_width=&#8221;30px&#8221; _builder_version=&#8221;4.27.5&#8243; _module_preset=&#8221;default&#8221; header_font=&#8221;|700||on|||||&#8221; image_icon_custom_margin=&#8221;-8px|0px|0px|0px|false|false&#8221; image_icon_custom_padding=&#8221;0px|0px|0px|0px|false|false&#8221; custom_margin=&#8221;0px|0px|0px|0px|false|false&#8221; custom_padding=&#8221;0px||0px|0px|false|false&#8221; global_colors_info=&#8221;{}&#8221;]<\/p>\n<p>Comfort is living in a quiet, safe, and welcoming home. Each window we install brings you closer to that well-being every day thanks to its high performance. <\/p>\n<p>[\/et_pb_blurb][et_pb_blurb title=&#8221;savings&#8221; use_icon=&#8221;on&#8221; font_icon=&#8221;&#xf153;||fa||900&#8243; icon_color=&#8221;#51b1e5&#8243; icon_placement=&#8221;left&#8221; image_icon_width=&#8221;30px&#8221; _builder_version=&#8221;4.27.5&#8243; _module_preset=&#8221;default&#8221; header_font=&#8221;|700||on|||||&#8221; image_icon_custom_margin=&#8221;-8px|0px|0px|0px|false|false&#8221; image_icon_custom_padding=&#8221;0px|0px|0px|0px|false|false&#8221; custom_margin=&#8221;40px||0px|0px|false|false&#8221; global_colors_info=&#8221;{}&#8221;]<\/p>\n<p>Switching to high-quality PVC windows is an investment today that will save you money every month. Better insulation, lower costs, and an efficient home all year round. <\/p>\n<p>[\/et_pb_blurb][\/et_pb_column][et_pb_column type=&#8221;1_2&#8243; _builder_version=&#8221;4.27.4&#8243; _module_preset=&#8221;default&#8221; global_colors_info=&#8221;{}&#8221;][et_pb_blurb title=&#8221;Customization&#8221; use_icon=&#8221;on&#8221; font_icon=&#8221;&#xf013;||fa||900&#8243; icon_color=&#8221;#51b1e5&#8243; icon_placement=&#8221;left&#8221; image_icon_width=&#8221;30px&#8221; _builder_version=&#8221;4.27.5&#8243; _module_preset=&#8221;default&#8221; header_font=&#8221;|700||on|||||&#8221; image_icon_custom_margin=&#8221;-8px|0px|0px|0px|false|false&#8221; image_icon_custom_padding=&#8221;0px|0px||0px|false|false&#8221; custom_margin=&#8221;0px||0px||false|false&#8221; global_colors_info=&#8221;{}&#8221;]<\/p>\n<p>Available in various colors and finishes, they easily adapt to any style of home, whether modern or traditional.<\/p>\n<p>[\/et_pb_blurb][et_pb_blurb title=&#8221;sustainability&#8221; use_icon=&#8221;on&#8221; font_icon=&#8221;&#xf06c;||fa||900&#8243; icon_color=&#8221;#51b1e5&#8243; icon_placement=&#8221;left&#8221; image_icon_width=&#8221;30px&#8221; _builder_version=&#8221;4.27.5&#8243; _module_preset=&#8221;default&#8221; header_font=&#8221;|700||on|||||&#8221; image_icon_custom_margin=&#8221;-8px|0px|0px|0px|false|false&#8221; image_icon_custom_padding=&#8221;0px|0px|0px|0px|false|false&#8221; custom_margin=&#8221;40px||0px|0px|false|false&#8221; global_colors_info=&#8221;{}&#8221;]<\/p>\n<p>Thanks to their high energy efficiency, PVC windows are an eco-friendly choice for those seeking comfort without harming the planet.<\/p>\n<p>[\/et_pb_blurb][\/et_pb_column][\/et_pb_row][\/et_pb_section][et_pb_section fb_built=&#8221;1&#8243; fullwidth=&#8221;on&#8221; _builder_version=&#8221;4.27.4&#8243; _module_preset=&#8221;default&#8221; global_colors_info=&#8221;{}&#8221;][et_pb_fullwidth_image src=&#8221;https:\/\/www.mmaluminios.pt\/wp-content\/uploads\/2025\/07\/Quer-mais-conforto-seguranca-e-eficiencia-na-sua-casa-2-scaled.png&#8221; title_text=&#8221;Want more comfort, security and efficiency in your home (2)&#8221; _builder_version=&#8221;4.27.5&#8243; _module_preset=&#8221;default&#8221; transform_scale_tablet=&#8221;&#8221; transform_scale_phone=&#8221;&#8221; transform_scale_last_edited=&#8221;on|phone&#8221; transform_translate_tablet=&#8221;&#8221; transform_translate_phone=&#8221;0px|125px&#8221; transform_translate_last_edited=&#8221;on|phone&#8221; transform_rotate_tablet=&#8221;&#8221; transform_rotate_phone=&#8221;&#8221; transform_rotate_last_edited=&#8221;on|phone&#8221; transform_skew_tablet=&#8221;&#8221; transform_skew_phone=&#8221;&#8221; transform_skew_last_edited=&#8221;on|phone&#8221; transform_origin_tablet=&#8221;&#8221; transform_origin_phone=&#8221;&#8221; transform_origin_last_edited=&#8221;on|phone&#8221; transform_styles_last_edited=&#8221;on|phone&#8221; min_height=&#8221;948.5px&#8221; custom_margin=&#8221;0px||-453px||false|false&#8221; custom_padding=&#8221;0px||0px||false|false&#8221; transform_styles_tablet=&#8221;&#8221; transform_styles_phone=&#8221;&#8221; global_colors_info=&#8221;{}&#8221;][\/et_pb_fullwidth_image][\/et_pb_section]<\/p>\n","protected":false},"excerpt":{"rendered":"<p>PVC WINDOWSPVC windows offer numerous advantages that can transform and improve the comfort and efficiency of your home. At MMAlum\u00ednios, we specialize in high-quality PVC window solutions, manufactured with profiles from the German brand K\u00f6mmerling, a European leader in the sector. All our products are manufactured in Portugal, using state-of-the-art technology and the best materials, [&hellip;]<\/p>\n","protected":false},"author":2,"featured_media":0,"parent":0,"menu_order":0,"comment_status":"closed","ping_status":"closed","template":"","meta":{"_et_pb_use_builder":"on","_et_pb_old_content":"","_et_gb_content_width":"","footnotes":""},"class_list":["post-1056","page","type-page","status-publish","hentry"],"yoast_head":"<!-- This site is optimized with the Yoast SEO plugin v27.3 - https:\/\/yoast.com\/product\/yoast-seo-wordpress\/ -->\n<title>Janelas em PVC de alta qualidade | MMAlum\u00ednios<\/title>\n<meta name=\"description\" content=\"MMAlum\u00ednios offers a variety of high-quality PVC windows from the K\u00f6mmerling brand. Learn more and request a quote today.\" \/>\n<meta name=\"robots\" content=\"index, follow, max-snippet:-1, max-image-preview:large, max-video-preview:-1\" \/>\n<link rel=\"canonical\" href=\"https:\/\/www.mmaluminios.pt\/en\/pvc-windows\/\" \/>\n<meta property=\"og:locale\" content=\"en_US\" \/>\n<meta property=\"og:type\" content=\"article\" \/>\n<meta property=\"og:title\" content=\"Janelas em PVC de alta qualidade | MMAlum\u00ednios\" \/>\n<meta property=\"og:description\" content=\"MMAlum\u00ednios offers a variety of high-quality PVC windows from the K\u00f6mmerling brand. Learn more and request a quote today.\" \/>\n<meta property=\"og:url\" content=\"https:\/\/www.mmaluminios.pt\/en\/pvc-windows\/\" \/>\n<meta property=\"og:site_name\" content=\"MMAluminios\" \/>\n<meta property=\"article:publisher\" content=\"https:\/\/www.facebook.com\/janelas.mmaluminios\" \/>\n<meta property=\"article:modified_time\" content=\"2026-05-05T12:41:25+00:00\" \/>\n<meta name=\"twitter:card\" content=\"summary_large_image\" \/>\n<meta name=\"twitter:label1\" content=\"Est. reading time\" \/>\n\t<meta name=\"twitter:data1\" content=\"9 minutes\" \/>\n<script type=\"application\/ld+json\" class=\"yoast-schema-graph\">{\"@context\":\"https:\\\/\\\/schema.org\",\"@graph\":[{\"@type\":\"WebPage\",\"@id\":\"https:\\\/\\\/www.mmaluminios.pt\\\/en\\\/pvc-windows\\\/\",\"url\":\"https:\\\/\\\/www.mmaluminios.pt\\\/en\\\/pvc-windows\\\/\",\"name\":\"Janelas em PVC de alta qualidade | MMAlum\u00ednios\",\"isPartOf\":{\"@id\":\"https:\\\/\\\/www.mmaluminios.pt\\\/#website\"},\"datePublished\":\"2025-07-09T14:37:03+00:00\",\"dateModified\":\"2026-05-05T12:41:25+00:00\",\"description\":\"MMAlum\u00ednios offers a variety of high-quality PVC windows from the K\u00f6mmerling brand. Learn more and request a quote today.\",\"breadcrumb\":{\"@id\":\"https:\\\/\\\/www.mmaluminios.pt\\\/en\\\/pvc-windows\\\/#breadcrumb\"},\"inLanguage\":\"en-US\",\"potentialAction\":[{\"@type\":\"ReadAction\",\"target\":[\"https:\\\/\\\/www.mmaluminios.pt\\\/en\\\/pvc-windows\\\/\"]}]},{\"@type\":\"BreadcrumbList\",\"@id\":\"https:\\\/\\\/www.mmaluminios.pt\\\/en\\\/pvc-windows\\\/#breadcrumb\",\"itemListElement\":[{\"@type\":\"ListItem\",\"position\":1,\"name\":\"In\u00edcio\",\"item\":\"https:\\\/\\\/www.mmaluminios.pt\\\/en\\\/home\\\/\"},{\"@type\":\"ListItem\",\"position\":2,\"name\":\"PVC windows\"}]},{\"@type\":\"WebSite\",\"@id\":\"https:\\\/\\\/www.mmaluminios.pt\\\/#website\",\"url\":\"https:\\\/\\\/www.mmaluminios.pt\\\/\",\"name\":\"MMAluminios\",\"description\":\"MMAluminios\",\"publisher\":{\"@id\":\"https:\\\/\\\/www.mmaluminios.pt\\\/#organization\"},\"potentialAction\":[{\"@type\":\"SearchAction\",\"target\":{\"@type\":\"EntryPoint\",\"urlTemplate\":\"https:\\\/\\\/www.mmaluminios.pt\\\/?s={search_term_string}\"},\"query-input\":{\"@type\":\"PropertyValueSpecification\",\"valueRequired\":true,\"valueName\":\"search_term_string\"}}],\"inLanguage\":\"en-US\"},{\"@type\":\"Organization\",\"@id\":\"https:\\\/\\\/www.mmaluminios.pt\\\/#organization\",\"name\":\"MMAluminios\",\"url\":\"https:\\\/\\\/www.mmaluminios.pt\\\/\",\"logo\":{\"@type\":\"ImageObject\",\"inLanguage\":\"en-US\",\"@id\":\"https:\\\/\\\/www.mmaluminios.pt\\\/#\\\/schema\\\/logo\\\/image\\\/\",\"url\":\"https:\\\/\\\/www.mmaluminios.pt\\\/wp-content\\\/uploads\\\/2026\\\/01\\\/Sem-titulo-1.png\",\"contentUrl\":\"https:\\\/\\\/www.mmaluminios.pt\\\/wp-content\\\/uploads\\\/2026\\\/01\\\/Sem-titulo-1.png\",\"width\":1091,\"height\":240,\"caption\":\"MMAluminios\"},\"image\":{\"@id\":\"https:\\\/\\\/www.mmaluminios.pt\\\/#\\\/schema\\\/logo\\\/image\\\/\"},\"sameAs\":[\"https:\\\/\\\/www.facebook.com\\\/janelas.mmaluminios\",\"https:\\\/\\\/www.instagram.com\\\/mmaluminios.janelas\\\/\",\"https:\\\/\\\/www.linkedin.com\\\/company\\\/empresa-mmalumnios\"]}]}<\/script>\n<!-- \/ Yoast SEO plugin. -->","yoast_head_json":{"title":"Janelas em PVC de alta qualidade | MMAlum\u00ednios","description":"MMAlum\u00ednios offers a variety of high-quality PVC windows from the K\u00f6mmerling brand. Learn more and request a quote today.","robots":{"index":"index","follow":"follow","max-snippet":"max-snippet:-1","max-image-preview":"max-image-preview:large","max-video-preview":"max-video-preview:-1"},"canonical":"https:\/\/www.mmaluminios.pt\/en\/pvc-windows\/","og_locale":"en_US","og_type":"article","og_title":"Janelas em PVC de alta qualidade | MMAlum\u00ednios","og_description":"MMAlum\u00ednios offers a variety of high-quality PVC windows from the K\u00f6mmerling brand. Learn more and request a quote today.","og_url":"https:\/\/www.mmaluminios.pt\/en\/pvc-windows\/","og_site_name":"MMAluminios","article_publisher":"https:\/\/www.facebook.com\/janelas.mmaluminios","article_modified_time":"2026-05-05T12:41:25+00:00","twitter_card":"summary_large_image","twitter_misc":{"Est. reading time":"9 minutes"},"schema":{"@context":"https:\/\/schema.org","@graph":[{"@type":"WebPage","@id":"https:\/\/www.mmaluminios.pt\/en\/pvc-windows\/","url":"https:\/\/www.mmaluminios.pt\/en\/pvc-windows\/","name":"Janelas em PVC de alta qualidade | MMAlum\u00ednios","isPartOf":{"@id":"https:\/\/www.mmaluminios.pt\/#website"},"datePublished":"2025-07-09T14:37:03+00:00","dateModified":"2026-05-05T12:41:25+00:00","description":"MMAlum\u00ednios offers a variety of high-quality PVC windows from the K\u00f6mmerling brand. Learn more and request a quote today.","breadcrumb":{"@id":"https:\/\/www.mmaluminios.pt\/en\/pvc-windows\/#breadcrumb"},"inLanguage":"en-US","potentialAction":[{"@type":"ReadAction","target":["https:\/\/www.mmaluminios.pt\/en\/pvc-windows\/"]}]},{"@type":"BreadcrumbList","@id":"https:\/\/www.mmaluminios.pt\/en\/pvc-windows\/#breadcrumb","itemListElement":[{"@type":"ListItem","position":1,"name":"In\u00edcio","item":"https:\/\/www.mmaluminios.pt\/en\/home\/"},{"@type":"ListItem","position":2,"name":"PVC windows"}]},{"@type":"WebSite","@id":"https:\/\/www.mmaluminios.pt\/#website","url":"https:\/\/www.mmaluminios.pt\/","name":"MMAluminios","description":"MMAluminios","publisher":{"@id":"https:\/\/www.mmaluminios.pt\/#organization"},"potentialAction":[{"@type":"SearchAction","target":{"@type":"EntryPoint","urlTemplate":"https:\/\/www.mmaluminios.pt\/?s={search_term_string}"},"query-input":{"@type":"PropertyValueSpecification","valueRequired":true,"valueName":"search_term_string"}}],"inLanguage":"en-US"},{"@type":"Organization","@id":"https:\/\/www.mmaluminios.pt\/#organization","name":"MMAluminios","url":"https:\/\/www.mmaluminios.pt\/","logo":{"@type":"ImageObject","inLanguage":"en-US","@id":"https:\/\/www.mmaluminios.pt\/#\/schema\/logo\/image\/","url":"https:\/\/www.mmaluminios.pt\/wp-content\/uploads\/2026\/01\/Sem-titulo-1.png","contentUrl":"https:\/\/www.mmaluminios.pt\/wp-content\/uploads\/2026\/01\/Sem-titulo-1.png","width":1091,"height":240,"caption":"MMAluminios"},"image":{"@id":"https:\/\/www.mmaluminios.pt\/#\/schema\/logo\/image\/"},"sameAs":["https:\/\/www.facebook.com\/janelas.mmaluminios","https:\/\/www.instagram.com\/mmaluminios.janelas\/","https:\/\/www.linkedin.com\/company\/empresa-mmalumnios"]}]}},"_links":{"self":[{"href":"https:\/\/www.mmaluminios.pt\/en\/wp-json\/wp\/v2\/pages\/1056","targetHints":{"allow":["GET"]}}],"collection":[{"href":"https:\/\/www.mmaluminios.pt\/en\/wp-json\/wp\/v2\/pages"}],"about":[{"href":"https:\/\/www.mmaluminios.pt\/en\/wp-json\/wp\/v2\/types\/page"}],"author":[{"embeddable":true,"href":"https:\/\/www.mmaluminios.pt\/en\/wp-json\/wp\/v2\/users\/2"}],"replies":[{"embeddable":true,"href":"https:\/\/www.mmaluminios.pt\/en\/wp-json\/wp\/v2\/comments?post=1056"}],"version-history":[{"count":16,"href":"https:\/\/www.mmaluminios.pt\/en\/wp-json\/wp\/v2\/pages\/1056\/revisions"}],"predecessor-version":[{"id":1508,"href":"https:\/\/www.mmaluminios.pt\/en\/wp-json\/wp\/v2\/pages\/1056\/revisions\/1508"}],"wp:attachment":[{"href":"https:\/\/www.mmaluminios.pt\/en\/wp-json\/wp\/v2\/media?parent=1056"}],"curies":[{"name":"wp","href":"https:\/\/api.w.org\/{rel}","templated":true}]}}