{"id":1044,"date":"2024-11-17T21:23:41","date_gmt":"2024-11-17T21:23:41","guid":{"rendered":"https:\/\/www.mmaluminios.pt\/press\/"},"modified":"2026-05-05T15:17:56","modified_gmt":"2026-05-05T15:17:56","slug":"press","status":"publish","type":"page","link":"https:\/\/www.mmaluminios.pt\/en\/press\/","title":{"rendered":"Press"},"content":{"rendered":"<p>[et_pb_section fb_built=&#8221;1&#8243; _builder_version=&#8221;4.27.0&#8243; _module_preset=&#8221;default&#8221; global_colors_info=&#8221;{}&#8221;][et_pb_row _builder_version=&#8221;4.27.4&#8243; _module_preset=&#8221;default&#8221; global_colors_info=&#8221;{}&#8221;][et_pb_column type=&#8221;4_4&#8243; _builder_version=&#8221;4.27.4&#8243; _module_preset=&#8221;default&#8221; global_colors_info=&#8221;{}&#8221;][et_pb_divider show_divider=&#8221;off&#8221; _builder_version=&#8221;4.27.4&#8243; _module_preset=&#8221;default&#8221; global_colors_info=&#8221;{}&#8221;][\/et_pb_divider][\/et_pb_column][\/et_pb_row][et_pb_row _builder_version=&#8221;4.27.0&#8243; _module_preset=&#8221;default&#8221; global_colors_info=&#8221;{}&#8221;][et_pb_column type=&#8221;4_4&#8243; _builder_version=&#8221;4.27.0&#8243; _module_preset=&#8221;default&#8221; global_colors_info=&#8221;{}&#8221;][et_pb_text _builder_version=&#8221;4.27.5&#8243; _module_preset=&#8221;default&#8221; header_text_color=&#8221;#51B1E5&#8243; text_orientation=&#8221;center&#8221; hover_enabled=&#8221;0&#8243; global_colors_info=&#8221;{}&#8221; sticky_enabled=&#8221;0&#8243;]<\/p>\n<h1>Press<\/h1>\n<p>[\/et_pb_text][et_pb_image src=&#8221;https:\/\/www.mmaluminios.pt\/wp-content\/uploads\/2024\/11\/imprensa.jpg&#8221; title_text=&#8221;press&#8221; align=&#8221;center&#8221; _builder_version=&#8221;4.27.0&#8243; _module_preset=&#8221;default&#8221; global_colors_info=&#8221;{}&#8221;][\/et_pb_image][et_pb_text _builder_version=&#8221;4.27.0&#8243; _module_preset=&#8221;default&#8221; text_orientation=&#8221;center&#8221; global_colors_info=&#8221;{}&#8221;]- &#8220;Roteiro Econ\u00f3mico&#8221; &#8211;<br \/>\nArticle by R\u00e1dio Campan\u00e1rio about the visit by the Mayor of Vendas Novas, Lu\u00eds Dias, and the Vice-Mayor responsible for economic development, Elsa Caeiro.<\/p>\n<p>8 Oct. 2020[\/et_pb_text][\/et_pb_column][\/et_pb_row][\/et_pb_section]<\/p>\n","protected":false},"excerpt":{"rendered":"<p>Press- &#8220;Roteiro Econ\u00f3mico&#8221; &#8211; Article by R\u00e1dio Campan\u00e1rio about the visit by the Mayor of Vendas Novas, Lu\u00eds Dias, and the Vice-Mayor responsible for economic development, Elsa Caeiro. 8 Oct. 2020<\/p>\n","protected":false},"author":1,"featured_media":0,"parent":0,"menu_order":0,"comment_status":"closed","ping_status":"closed","template":"","meta":{"_et_pb_use_builder":"on","_et_pb_old_content":"","_et_gb_content_width":"","footnotes":""},"class_list":["post-1044","page","type-page","status-publish","hentry"],"yoast_head":"<!-- This site is optimized with the Yoast SEO plugin v27.3 - https:\/\/yoast.com\/product\/yoast-seo-wordpress\/ -->\n<title>Press - MMAluminios<\/title>\n<meta name=\"robots\" content=\"index, follow, max-snippet:-1, max-image-preview:large, max-video-preview:-1\" \/>\n<link rel=\"canonical\" href=\"https:\/\/www.mmaluminios.pt\/en\/press\/\" \/>\n<meta property=\"og:locale\" content=\"en_US\" \/>\n<meta property=\"og:type\" content=\"article\" \/>\n<meta property=\"og:title\" content=\"Press - MMAluminios\" \/>\n<meta property=\"og:description\" content=\"Press- &quot;Roteiro Econ\u00f3mico&quot; - Article by R\u00e1dio Campan\u00e1rio about the visit by the Mayor of Vendas Novas, Lu\u00eds Dias, and the Vice-Mayor responsible for economic development, Elsa Caeiro. 8 Oct. 2020\" \/>\n<meta property=\"og:url\" content=\"https:\/\/www.mmaluminios.pt\/en\/press\/\" \/>\n<meta property=\"og:site_name\" content=\"MMAluminios\" \/>\n<meta property=\"article:publisher\" content=\"https:\/\/www.facebook.com\/janelas.mmaluminios\" \/>\n<meta property=\"article:modified_time\" content=\"2026-05-05T15:17:56+00:00\" \/>\n<meta name=\"twitter:card\" content=\"summary_large_image\" \/>\n<meta name=\"twitter:label1\" content=\"Est. reading time\" \/>\n\t<meta name=\"twitter:data1\" content=\"1 minute\" \/>\n<script type=\"application\/ld+json\" class=\"yoast-schema-graph\">{\"@context\":\"https:\\\/\\\/schema.org\",\"@graph\":[{\"@type\":\"WebPage\",\"@id\":\"https:\\\/\\\/www.mmaluminios.pt\\\/en\\\/press\\\/\",\"url\":\"https:\\\/\\\/www.mmaluminios.pt\\\/en\\\/press\\\/\",\"name\":\"Press - MMAluminios\",\"isPartOf\":{\"@id\":\"https:\\\/\\\/www.mmaluminios.pt\\\/#website\"},\"datePublished\":\"2024-11-17T21:23:41+00:00\",\"dateModified\":\"2026-05-05T15:17:56+00:00\",\"breadcrumb\":{\"@id\":\"https:\\\/\\\/www.mmaluminios.pt\\\/en\\\/press\\\/#breadcrumb\"},\"inLanguage\":\"en-US\",\"potentialAction\":[{\"@type\":\"ReadAction\",\"target\":[\"https:\\\/\\\/www.mmaluminios.pt\\\/en\\\/press\\\/\"]}]},{\"@type\":\"BreadcrumbList\",\"@id\":\"https:\\\/\\\/www.mmaluminios.pt\\\/en\\\/press\\\/#breadcrumb\",\"itemListElement\":[{\"@type\":\"ListItem\",\"position\":1,\"name\":\"In\u00edcio\",\"item\":\"https:\\\/\\\/www.mmaluminios.pt\\\/en\\\/home\\\/\"},{\"@type\":\"ListItem\",\"position\":2,\"name\":\"Press\"}]},{\"@type\":\"WebSite\",\"@id\":\"https:\\\/\\\/www.mmaluminios.pt\\\/#website\",\"url\":\"https:\\\/\\\/www.mmaluminios.pt\\\/\",\"name\":\"MMAluminios\",\"description\":\"MMAluminios\",\"publisher\":{\"@id\":\"https:\\\/\\\/www.mmaluminios.pt\\\/#organization\"},\"potentialAction\":[{\"@type\":\"SearchAction\",\"target\":{\"@type\":\"EntryPoint\",\"urlTemplate\":\"https:\\\/\\\/www.mmaluminios.pt\\\/?s={search_term_string}\"},\"query-input\":{\"@type\":\"PropertyValueSpecification\",\"valueRequired\":true,\"valueName\":\"search_term_string\"}}],\"inLanguage\":\"en-US\"},{\"@type\":\"Organization\",\"@id\":\"https:\\\/\\\/www.mmaluminios.pt\\\/#organization\",\"name\":\"MMAluminios\",\"url\":\"https:\\\/\\\/www.mmaluminios.pt\\\/\",\"logo\":{\"@type\":\"ImageObject\",\"inLanguage\":\"en-US\",\"@id\":\"https:\\\/\\\/www.mmaluminios.pt\\\/#\\\/schema\\\/logo\\\/image\\\/\",\"url\":\"https:\\\/\\\/www.mmaluminios.pt\\\/wp-content\\\/uploads\\\/2026\\\/01\\\/Sem-titulo-1.png\",\"contentUrl\":\"https:\\\/\\\/www.mmaluminios.pt\\\/wp-content\\\/uploads\\\/2026\\\/01\\\/Sem-titulo-1.png\",\"width\":1091,\"height\":240,\"caption\":\"MMAluminios\"},\"image\":{\"@id\":\"https:\\\/\\\/www.mmaluminios.pt\\\/#\\\/schema\\\/logo\\\/image\\\/\"},\"sameAs\":[\"https:\\\/\\\/www.facebook.com\\\/janelas.mmaluminios\",\"https:\\\/\\\/www.instagram.com\\\/mmaluminios.janelas\\\/\",\"https:\\\/\\\/www.linkedin.com\\\/company\\\/empresa-mmalumnios\"]}]}<\/script>\n<!-- \/ Yoast SEO plugin. -->","yoast_head_json":{"title":"Press - MMAluminios","robots":{"index":"index","follow":"follow","max-snippet":"max-snippet:-1","max-image-preview":"max-image-preview:large","max-video-preview":"max-video-preview:-1"},"canonical":"https:\/\/www.mmaluminios.pt\/en\/press\/","og_locale":"en_US","og_type":"article","og_title":"Press - MMAluminios","og_description":"Press- \"Roteiro Econ\u00f3mico\" - Article by R\u00e1dio Campan\u00e1rio about the visit by the Mayor of Vendas Novas, Lu\u00eds Dias, and the Vice-Mayor responsible for economic development, Elsa Caeiro. 8 Oct. 2020","og_url":"https:\/\/www.mmaluminios.pt\/en\/press\/","og_site_name":"MMAluminios","article_publisher":"https:\/\/www.facebook.com\/janelas.mmaluminios","article_modified_time":"2026-05-05T15:17:56+00:00","twitter_card":"summary_large_image","twitter_misc":{"Est. reading time":"1 minute"},"schema":{"@context":"https:\/\/schema.org","@graph":[{"@type":"WebPage","@id":"https:\/\/www.mmaluminios.pt\/en\/press\/","url":"https:\/\/www.mmaluminios.pt\/en\/press\/","name":"Press - MMAluminios","isPartOf":{"@id":"https:\/\/www.mmaluminios.pt\/#website"},"datePublished":"2024-11-17T21:23:41+00:00","dateModified":"2026-05-05T15:17:56+00:00","breadcrumb":{"@id":"https:\/\/www.mmaluminios.pt\/en\/press\/#breadcrumb"},"inLanguage":"en-US","potentialAction":[{"@type":"ReadAction","target":["https:\/\/www.mmaluminios.pt\/en\/press\/"]}]},{"@type":"BreadcrumbList","@id":"https:\/\/www.mmaluminios.pt\/en\/press\/#breadcrumb","itemListElement":[{"@type":"ListItem","position":1,"name":"In\u00edcio","item":"https:\/\/www.mmaluminios.pt\/en\/home\/"},{"@type":"ListItem","position":2,"name":"Press"}]},{"@type":"WebSite","@id":"https:\/\/www.mmaluminios.pt\/#website","url":"https:\/\/www.mmaluminios.pt\/","name":"MMAluminios","description":"MMAluminios","publisher":{"@id":"https:\/\/www.mmaluminios.pt\/#organization"},"potentialAction":[{"@type":"SearchAction","target":{"@type":"EntryPoint","urlTemplate":"https:\/\/www.mmaluminios.pt\/?s={search_term_string}"},"query-input":{"@type":"PropertyValueSpecification","valueRequired":true,"valueName":"search_term_string"}}],"inLanguage":"en-US"},{"@type":"Organization","@id":"https:\/\/www.mmaluminios.pt\/#organization","name":"MMAluminios","url":"https:\/\/www.mmaluminios.pt\/","logo":{"@type":"ImageObject","inLanguage":"en-US","@id":"https:\/\/www.mmaluminios.pt\/#\/schema\/logo\/image\/","url":"https:\/\/www.mmaluminios.pt\/wp-content\/uploads\/2026\/01\/Sem-titulo-1.png","contentUrl":"https:\/\/www.mmaluminios.pt\/wp-content\/uploads\/2026\/01\/Sem-titulo-1.png","width":1091,"height":240,"caption":"MMAluminios"},"image":{"@id":"https:\/\/www.mmaluminios.pt\/#\/schema\/logo\/image\/"},"sameAs":["https:\/\/www.facebook.com\/janelas.mmaluminios","https:\/\/www.instagram.com\/mmaluminios.janelas\/","https:\/\/www.linkedin.com\/company\/empresa-mmalumnios"]}]}},"_links":{"self":[{"href":"https:\/\/www.mmaluminios.pt\/en\/wp-json\/wp\/v2\/pages\/1044","targetHints":{"allow":["GET"]}}],"collection":[{"href":"https:\/\/www.mmaluminios.pt\/en\/wp-json\/wp\/v2\/pages"}],"about":[{"href":"https:\/\/www.mmaluminios.pt\/en\/wp-json\/wp\/v2\/types\/page"}],"author":[{"embeddable":true,"href":"https:\/\/www.mmaluminios.pt\/en\/wp-json\/wp\/v2\/users\/1"}],"replies":[{"embeddable":true,"href":"https:\/\/www.mmaluminios.pt\/en\/wp-json\/wp\/v2\/comments?post=1044"}],"version-history":[{"count":7,"href":"https:\/\/www.mmaluminios.pt\/en\/wp-json\/wp\/v2\/pages\/1044\/revisions"}],"predecessor-version":[{"id":1531,"href":"https:\/\/www.mmaluminios.pt\/en\/wp-json\/wp\/v2\/pages\/1044\/revisions\/1531"}],"wp:attachment":[{"href":"https:\/\/www.mmaluminios.pt\/en\/wp-json\/wp\/v2\/media?parent=1044"}],"curies":[{"name":"wp","href":"https:\/\/api.w.org\/{rel}","templated":true}]}}