{"id":1020,"date":"2025-12-02T16:50:11","date_gmt":"2025-12-02T16:50:11","guid":{"rendered":"https:\/\/www.mmaluminios.pt\/windows-catalogs\/"},"modified":"2026-04-13T15:46:44","modified_gmt":"2026-04-13T15:46:44","slug":"windows-catalogs","status":"publish","type":"page","link":"https:\/\/www.mmaluminios.pt\/en\/windows-catalogs\/","title":{"rendered":"Windows catalogs"},"content":{"rendered":"<p>[et_pb_section fb_built=&#8221;1&#8243; _builder_version=&#8221;4.27.0&#8243; _module_preset=&#8221;default&#8221; custom_padding=&#8221;2px||61px|||&#8221; global_colors_info=&#8221;{}&#8221;][et_pb_row _builder_version=&#8221;4.27.4&#8243; _module_preset=&#8221;default&#8221; global_colors_info=&#8221;{}&#8221;][et_pb_column type=&#8221;4_4&#8243; _builder_version=&#8221;4.27.4&#8243; _module_preset=&#8221;default&#8221; global_colors_info=&#8221;{}&#8221;][et_pb_divider show_divider=&#8221;off&#8221; _builder_version=&#8221;4.27.4&#8243; _module_preset=&#8221;default&#8221; global_colors_info=&#8221;{}&#8221;][\/et_pb_divider][\/et_pb_column][\/et_pb_row][et_pb_row _builder_version=&#8221;4.27.0&#8243; _module_preset=&#8221;default&#8221; global_colors_info=&#8221;{}&#8221;][et_pb_column type=&#8221;4_4&#8243; _builder_version=&#8221;4.27.0&#8243; _module_preset=&#8221;default&#8221; global_colors_info=&#8221;{}&#8221;][et_pb_text _builder_version=&#8221;4.27.4&#8243; _module_preset=&#8221;default&#8221; header_text_color=&#8221;#51B1E5&#8243; text_orientation=&#8221;center&#8221; global_colors_info=&#8221;{}&#8221;]<\/p>\n<h1><strong>CATALOGS<\/strong><\/h1>\n<h1><strong>PVC WINDOWS<\/strong><\/h1>\n<p>[\/et_pb_text][\/et_pb_column][\/et_pb_row][et_pb_row _builder_version=&#8221;4.27.5&#8243; _module_preset=&#8221;default&#8221;][et_pb_column _builder_version=&#8221;4.27.5&#8243; _module_preset=&#8221;default&#8221; type=&#8221;4_4&#8243;][et_pb_text _builder_version=&#8221;4.27.5&#8243; _module_preset=&#8221;default&#8221; hover_enabled=&#8221;0&#8243; sticky_enabled=&#8221;0&#8243;]<\/p>\n<p style=\"text-align: center;\">MMAlum\u00ednios stands out for manufacturing PVC windows that utilize profiles and systems with the highest technology from the German brand K\u00f6mmerling, a leader in the sector at the European level. In this page, you can check all our window catalogs.<\/p>\n<p style=\"text-align: center;\">After choosing which model to install in your project, or if you require expert advice, you can contact us to request a quote.<\/p>\n<p>[\/et_pb_text][\/et_pb_column][\/et_pb_row][et_pb_row column_structure=&#8221;1_3,2_3&#8243; _builder_version=&#8221;4.27.4&#8243; _module_preset=&#8221;default&#8221; global_colors_info=&#8221;{}&#8221;][et_pb_column type=&#8221;1_3&#8243; _builder_version=&#8221;4.27.4&#8243; _module_preset=&#8221;default&#8221; global_colors_info=&#8221;{}&#8221;][et_pb_text _builder_version=&#8221;4.27.4&#8243; _module_preset=&#8221;default&#8221; text_text_color=&#8221;#FFFFFF&#8221; text_line_height=&#8221;1.4em&#8221; header_text_align=&#8221;left&#8221; background_color=&#8221;#b3b3b3&#8243; transform_translate_linked=&#8221;off&#8221; custom_margin=&#8221;|0px|0px|0px|false|false&#8221; custom_padding=&#8221;50px|0px|50px|0px|false|false&#8221; locked=&#8221;off&#8221; global_colors_info=&#8221;{}&#8221;]<\/p>\n<p style=\"text-align: center;\"><strong>KOMMERLING76AD Xtrem<\/strong><\/p>\n<p>[\/et_pb_text][\/et_pb_column][et_pb_column type=&#8221;2_3&#8243; _builder_version=&#8221;4.27.4&#8243; _module_preset=&#8221;default&#8221; global_colors_info=&#8221;{}&#8221;][et_pb_code _builder_version=&#8221;4.27.4&#8243; _module_preset=&#8221;default&#8221; width=&#8221;75%&#8221; module_alignment=&#8221;center&#8221; global_colors_info=&#8221;{}&#8221;]<div class=\"_df_book df-lite\" id=\"df_883\"  _slug=\"k76ad\" data-title=\"k76ad\" wpoptions=\"true\" thumbtype=\"\" ><\/div><script class=\"df-shortcode-script\" nowprocket type=\"application\/javascript\">window.option_df_883 = {\"outline\":[],\"backgroundColor\":\"#ffffff\",\"autoEnableOutline\":\"false\",\"autoEnableThumbnail\":\"false\",\"overwritePDFOutline\":\"false\",\"direction\":\"1\",\"pageSize\":\"0\",\"source\":\"https:\\\/\\\/www.mmaluminios.pt\\\/wp-content\\\/uploads\\\/2025\\\/12\\\/Ficha-tecnica-KOMMERLING76-AD_por-PT-compressed-1.pdf\",\"wpOptions\":\"true\"}; if(window.DFLIP && window.DFLIP.parseBooks){window.DFLIP.parseBooks();}<\/script>[\/et_pb_code][\/et_pb_column][\/et_pb_row][et_pb_row _builder_version=&#8221;4.27.4&#8243; _module_preset=&#8221;default&#8221; global_colors_info=&#8221;{}&#8221;][et_pb_column type=&#8221;4_4&#8243; _builder_version=&#8221;4.27.4&#8243; _module_preset=&#8221;default&#8221; global_colors_info=&#8221;{}&#8221;][et_pb_divider show_divider=&#8221;off&#8221; _builder_version=&#8221;4.27.4&#8243; _module_preset=&#8221;default&#8221; global_colors_info=&#8221;{}&#8221;][\/et_pb_divider][\/et_pb_column][\/et_pb_row][et_pb_row column_structure=&#8221;3_5,2_5&#8243; _builder_version=&#8221;4.27.4&#8243; _module_preset=&#8221;default&#8221; global_colors_info=&#8221;{}&#8221;][et_pb_column type=&#8221;3_5&#8243; _builder_version=&#8221;4.27.4&#8243; _module_preset=&#8221;default&#8221; global_colors_info=&#8221;{}&#8221;][et_pb_code _builder_version=&#8221;4.27.4&#8243; _module_preset=&#8221;default&#8221; global_colors_info=&#8221;{}&#8221;]<div class=\"_df_book df-lite\" id=\"df_927\"  _slug=\"927\" data-title=\"\" wpoptions=\"true\" thumbtype=\"\" ><\/div><script class=\"df-shortcode-script\" nowprocket type=\"application\/javascript\">window.option_df_927 = {\"outline\":[],\"backgroundColor\":\"#ffffff\",\"autoEnableOutline\":\"false\",\"autoEnableThumbnail\":\"false\",\"overwritePDFOutline\":\"false\",\"direction\":\"1\",\"pageSize\":\"0\",\"source\":\"https:\\\/\\\/www.mmaluminios.pt\\\/wp-content\\\/uploads\\\/2025\\\/12\\\/Ficha_20t_C3_A9cnica_20K_C3_96MMERLING76_20MD_por-PT_0.pdf.pdf\",\"wpOptions\":\"true\"}; if(window.DFLIP && window.DFLIP.parseBooks){window.DFLIP.parseBooks();}<\/script>[\/et_pb_code][\/et_pb_column][et_pb_column type=&#8221;2_5&#8243; _builder_version=&#8221;4.27.4&#8243; _module_preset=&#8221;default&#8221; global_colors_info=&#8221;{}&#8221;][et_pb_text _builder_version=&#8221;4.27.4&#8243; _module_preset=&#8221;default&#8221; text_text_color=&#8221;#FFFFFF&#8221; text_line_height=&#8221;1.4em&#8221; header_text_align=&#8221;left&#8221; background_color=&#8221;#b3b3b3&#8243; transform_translate_linked=&#8221;off&#8221; custom_margin=&#8221;|0px|0px|0px|false|false&#8221; custom_padding=&#8221;50px|0px|50px|0px|false|false&#8221; locked=&#8221;off&#8221; global_colors_info=&#8221;{}&#8221;]<\/p>\n<p style=\"text-align: center;\"><strong>KOMMERLING76MD Xtrem<\/strong><\/p>\n<p>[\/et_pb_text][\/et_pb_column][\/et_pb_row][et_pb_row _builder_version=&#8221;4.27.4&#8243; _module_preset=&#8221;default&#8221; global_colors_info=&#8221;{}&#8221;][et_pb_column type=&#8221;4_4&#8243; _builder_version=&#8221;4.27.4&#8243; _module_preset=&#8221;default&#8221; global_colors_info=&#8221;{}&#8221;][et_pb_divider show_divider=&#8221;off&#8221; _builder_version=&#8221;4.27.4&#8243; _module_preset=&#8221;default&#8221; global_colors_info=&#8221;{}&#8221;][\/et_pb_divider][et_pb_divider show_divider=&#8221;off&#8221; _builder_version=&#8221;4.27.4&#8243; _module_preset=&#8221;default&#8221; global_colors_info=&#8221;{}&#8221;][\/et_pb_divider][\/et_pb_column][\/et_pb_row][et_pb_row column_structure=&#8221;1_3,2_3&#8243; _builder_version=&#8221;4.27.4&#8243; _module_preset=&#8221;default&#8221; global_colors_info=&#8221;{}&#8221;][et_pb_column type=&#8221;1_3&#8243; _builder_version=&#8221;4.27.4&#8243; _module_preset=&#8221;default&#8221; global_colors_info=&#8221;{}&#8221;][et_pb_text _builder_version=&#8221;4.27.4&#8243; _module_preset=&#8221;default&#8221; text_text_color=&#8221;#FFFFFF&#8221; text_line_height=&#8221;1.4em&#8221; header_text_align=&#8221;left&#8221; background_color=&#8221;#b3b3b3&#8243; transform_translate_linked=&#8221;off&#8221; custom_margin=&#8221;|0px|0px|0px|false|false&#8221; custom_padding=&#8221;50px|0px|50px|0px|false|false&#8221; locked=&#8221;off&#8221; global_colors_info=&#8221;{}&#8221;]<\/p>\n<p style=\"text-align: center;\"><strong>PREMILINE<\/strong><\/p>\n<p>[\/et_pb_text][\/et_pb_column][et_pb_column type=&#8221;2_3&#8243; _builder_version=&#8221;4.27.4&#8243; _module_preset=&#8221;default&#8221; global_colors_info=&#8221;{}&#8221;][et_pb_code _builder_version=&#8221;4.27.4&#8243; _module_preset=&#8221;default&#8221; width=&#8221;75%&#8221; module_alignment=&#8221;center&#8221; global_colors_info=&#8221;{}&#8221;]<div class=\"_df_book df-lite\" id=\"df_930\"  _slug=\"premiline\" data-title=\"premiline\" wpoptions=\"true\" thumbtype=\"\" ><\/div><script class=\"df-shortcode-script\" nowprocket type=\"application\/javascript\">window.option_df_930 = {\"outline\":[],\"backgroundColor\":\"#ffffff\",\"autoEnableOutline\":\"false\",\"autoEnableThumbnail\":\"false\",\"overwritePDFOutline\":\"false\",\"direction\":\"1\",\"pageSize\":\"0\",\"source\":\"https:\\\/\\\/www.mmaluminios.pt\\\/wp-content\\\/uploads\\\/2025\\\/12\\\/PremiLine.pdf\",\"wpOptions\":\"true\"}; if(window.DFLIP && window.DFLIP.parseBooks){window.DFLIP.parseBooks();}<\/script>[\/et_pb_code][\/et_pb_column][\/et_pb_row][et_pb_row _builder_version=&#8221;4.27.4&#8243; _module_preset=&#8221;default&#8221; global_colors_info=&#8221;{}&#8221;][et_pb_column type=&#8221;4_4&#8243; _builder_version=&#8221;4.27.4&#8243; _module_preset=&#8221;default&#8221; global_colors_info=&#8221;{}&#8221;][et_pb_divider show_divider=&#8221;off&#8221; _builder_version=&#8221;4.27.4&#8243; _module_preset=&#8221;default&#8221; global_colors_info=&#8221;{}&#8221;][\/et_pb_divider][et_pb_divider show_divider=&#8221;off&#8221; _builder_version=&#8221;4.27.4&#8243; _module_preset=&#8221;default&#8221; global_colors_info=&#8221;{}&#8221;][\/et_pb_divider][\/et_pb_column][\/et_pb_row][et_pb_row column_structure=&#8221;3_5,2_5&#8243; _builder_version=&#8221;4.27.4&#8243; _module_preset=&#8221;default&#8221; global_colors_info=&#8221;{}&#8221;][et_pb_column type=&#8221;3_5&#8243; _builder_version=&#8221;4.27.4&#8243; _module_preset=&#8221;default&#8221; global_colors_info=&#8221;{}&#8221;][et_pb_code _builder_version=&#8221;4.27.4&#8243; _module_preset=&#8221;default&#8221; global_colors_info=&#8221;{}&#8221;]<div class=\"_df_book df-lite\" id=\"df_934\"  _slug=\"premidoor\" data-title=\"premidoor\" wpoptions=\"true\" thumbtype=\"\" ><\/div><script class=\"df-shortcode-script\" nowprocket type=\"application\/javascript\">window.option_df_934 = {\"outline\":[],\"backgroundColor\":\"#ffffff\",\"autoEnableOutline\":\"false\",\"autoEnableThumbnail\":\"false\",\"overwritePDFOutline\":\"false\",\"direction\":\"1\",\"pageSize\":\"0\",\"source\":\"https:\\\/\\\/www.mmaluminios.pt\\\/wp-content\\\/uploads\\\/2025\\\/12\\\/Ficha-tecnica-PremiDoor76_por-PT-compressed.pdf\",\"wpOptions\":\"true\"}; if(window.DFLIP && window.DFLIP.parseBooks){window.DFLIP.parseBooks();}<\/script>[\/et_pb_code][\/et_pb_column][et_pb_column type=&#8221;2_5&#8243; _builder_version=&#8221;4.27.4&#8243; _module_preset=&#8221;default&#8221; global_colors_info=&#8221;{}&#8221;][et_pb_text _builder_version=&#8221;4.27.4&#8243; _module_preset=&#8221;default&#8221; text_text_color=&#8221;#FFFFFF&#8221; text_line_height=&#8221;1.4em&#8221; header_text_align=&#8221;left&#8221; background_color=&#8221;#b3b3b3&#8243; transform_translate_linked=&#8221;off&#8221; custom_margin=&#8221;|0px|0px|0px|false|false&#8221; custom_padding=&#8221;50px|0px|50px|0px|false|false&#8221; locked=&#8221;off&#8221; global_colors_info=&#8221;{}&#8221;]<\/p>\n<p style=\"text-align: center;\"><strong>PREMIDOOR<\/strong><\/p>\n<p>[\/et_pb_text][\/et_pb_column][\/et_pb_row][et_pb_row column_structure=&#8221;1_3,2_3&#8243; _builder_version=&#8221;4.27.4&#8243; _module_preset=&#8221;default&#8221; global_colors_info=&#8221;{}&#8221;][et_pb_column type=&#8221;1_3&#8243; _builder_version=&#8221;4.27.4&#8243; _module_preset=&#8221;default&#8221; global_colors_info=&#8221;{}&#8221;][et_pb_text _builder_version=&#8221;4.27.4&#8243; _module_preset=&#8221;default&#8221; text_text_color=&#8221;#FFFFFF&#8221; text_line_height=&#8221;1.4em&#8221; header_text_align=&#8221;left&#8221; background_color=&#8221;#b3b3b3&#8243; transform_translate_linked=&#8221;off&#8221; custom_margin=&#8221;|0px|0px|0px|false|false&#8221; custom_padding=&#8221;50px|0px|50px|0px|false|false&#8221; locked=&#8221;off&#8221; global_colors_info=&#8221;{}&#8221;]<\/p>\n<p style=\"text-align: center;\"><strong>PREMISLIDE<\/strong><\/p>\n<p>[\/et_pb_text][\/et_pb_column][et_pb_column type=&#8221;2_3&#8243; _builder_version=&#8221;4.27.4&#8243; _module_preset=&#8221;default&#8221; global_colors_info=&#8221;{}&#8221;][et_pb_code _builder_version=&#8221;4.27.4&#8243; _module_preset=&#8221;default&#8221; width=&#8221;75%&#8221; module_alignment=&#8221;center&#8221; global_colors_info=&#8221;{}&#8221;]<div class=\"_df_book df-lite\" id=\"df_978\"  _slug=\"premislide\" data-title=\"premislide\" wpoptions=\"true\" thumbtype=\"\" ><\/div><script class=\"df-shortcode-script\" nowprocket type=\"application\/javascript\">window.option_df_978 = {\"outline\":[],\"backgroundColor\":\"#ffffff\",\"autoEnableOutline\":\"false\",\"autoEnableThumbnail\":\"false\",\"overwritePDFOutline\":\"false\",\"direction\":\"1\",\"pageSize\":\"0\",\"source\":\"https:\\\/\\\/www.mmaluminios.pt\\\/wp-content\\\/uploads\\\/2026\\\/01\\\/Folleto-PremiSlide_2024_PT_digital.pdf\",\"wpOptions\":\"true\"}; if(window.DFLIP && window.DFLIP.parseBooks){window.DFLIP.parseBooks();}<\/script>[\/et_pb_code][\/et_pb_column][\/et_pb_row][\/et_pb_section]<\/p>\n","protected":false},"excerpt":{"rendered":"<p>CATALOGS PVC WINDOWSMMAlum\u00ednios stands out for manufacturing PVC windows that utilize profiles and systems with the highest technology from the German brand K\u00f6mmerling, a leader in the sector at the European level. In this page, you can check all our window catalogs. After choosing which model to install in your project, or if you require [&hellip;]<\/p>\n","protected":false},"author":2,"featured_media":0,"parent":0,"menu_order":0,"comment_status":"closed","ping_status":"closed","template":"","meta":{"_et_pb_use_builder":"on","_et_pb_old_content":"","_et_gb_content_width":"","footnotes":""},"class_list":["post-1020","page","type-page","status-publish","hentry"],"yoast_head":"<!-- This site is optimized with the Yoast SEO plugin v27.3 - https:\/\/yoast.com\/product\/yoast-seo-wordpress\/ -->\n<title>Catalogs - PVC Windows | MMAlum\u00ednios<\/title>\n<meta name=\"description\" content=\"MMAlum\u00ednios stands out for manufacturing PVC windows using the highest technology from the K\u00f6mmerling brand. Consult our catalogs.\" \/>\n<meta name=\"robots\" content=\"index, follow, max-snippet:-1, max-image-preview:large, max-video-preview:-1\" \/>\n<link rel=\"canonical\" href=\"https:\/\/www.mmaluminios.pt\/en\/windows-catalogs\/\" \/>\n<meta property=\"og:locale\" content=\"en_US\" \/>\n<meta property=\"og:type\" content=\"article\" \/>\n<meta property=\"og:title\" content=\"Catalogs - PVC Windows | MMAlum\u00ednios\" \/>\n<meta property=\"og:description\" content=\"MMAlum\u00ednios stands out for manufacturing PVC windows using the highest technology from the K\u00f6mmerling brand. Consult our catalogs.\" \/>\n<meta property=\"og:url\" content=\"https:\/\/www.mmaluminios.pt\/en\/windows-catalogs\/\" \/>\n<meta property=\"og:site_name\" content=\"MMAluminios\" \/>\n<meta property=\"article:publisher\" content=\"https:\/\/www.facebook.com\/janelas.mmaluminios\" \/>\n<meta property=\"article:modified_time\" content=\"2026-04-13T15:46:44+00:00\" \/>\n<meta name=\"twitter:card\" content=\"summary_large_image\" \/>\n<meta name=\"twitter:label1\" content=\"Est. reading time\" \/>\n\t<meta name=\"twitter:data1\" content=\"5 minutes\" \/>\n<script type=\"application\/ld+json\" class=\"yoast-schema-graph\">{\"@context\":\"https:\\\/\\\/schema.org\",\"@graph\":[{\"@type\":\"WebPage\",\"@id\":\"https:\\\/\\\/www.mmaluminios.pt\\\/en\\\/windows-catalogs\\\/\",\"url\":\"https:\\\/\\\/www.mmaluminios.pt\\\/en\\\/windows-catalogs\\\/\",\"name\":\"Catalogs - PVC Windows | MMAlum\u00ednios\",\"isPartOf\":{\"@id\":\"https:\\\/\\\/www.mmaluminios.pt\\\/#website\"},\"datePublished\":\"2025-12-02T16:50:11+00:00\",\"dateModified\":\"2026-04-13T15:46:44+00:00\",\"description\":\"MMAlum\u00ednios stands out for manufacturing PVC windows using the highest technology from the K\u00f6mmerling brand. Consult our catalogs.\",\"breadcrumb\":{\"@id\":\"https:\\\/\\\/www.mmaluminios.pt\\\/en\\\/windows-catalogs\\\/#breadcrumb\"},\"inLanguage\":\"en-US\",\"potentialAction\":[{\"@type\":\"ReadAction\",\"target\":[\"https:\\\/\\\/www.mmaluminios.pt\\\/en\\\/windows-catalogs\\\/\"]}]},{\"@type\":\"BreadcrumbList\",\"@id\":\"https:\\\/\\\/www.mmaluminios.pt\\\/en\\\/windows-catalogs\\\/#breadcrumb\",\"itemListElement\":[{\"@type\":\"ListItem\",\"position\":1,\"name\":\"In\u00edcio\",\"item\":\"https:\\\/\\\/www.mmaluminios.pt\\\/en\\\/home\\\/\"},{\"@type\":\"ListItem\",\"position\":2,\"name\":\"Windows catalogs\"}]},{\"@type\":\"WebSite\",\"@id\":\"https:\\\/\\\/www.mmaluminios.pt\\\/#website\",\"url\":\"https:\\\/\\\/www.mmaluminios.pt\\\/\",\"name\":\"MMAluminios\",\"description\":\"MMAluminios\",\"publisher\":{\"@id\":\"https:\\\/\\\/www.mmaluminios.pt\\\/#organization\"},\"potentialAction\":[{\"@type\":\"SearchAction\",\"target\":{\"@type\":\"EntryPoint\",\"urlTemplate\":\"https:\\\/\\\/www.mmaluminios.pt\\\/?s={search_term_string}\"},\"query-input\":{\"@type\":\"PropertyValueSpecification\",\"valueRequired\":true,\"valueName\":\"search_term_string\"}}],\"inLanguage\":\"en-US\"},{\"@type\":\"Organization\",\"@id\":\"https:\\\/\\\/www.mmaluminios.pt\\\/#organization\",\"name\":\"MMAluminios\",\"url\":\"https:\\\/\\\/www.mmaluminios.pt\\\/\",\"logo\":{\"@type\":\"ImageObject\",\"inLanguage\":\"en-US\",\"@id\":\"https:\\\/\\\/www.mmaluminios.pt\\\/#\\\/schema\\\/logo\\\/image\\\/\",\"url\":\"https:\\\/\\\/www.mmaluminios.pt\\\/wp-content\\\/uploads\\\/2026\\\/01\\\/Sem-titulo-1.png\",\"contentUrl\":\"https:\\\/\\\/www.mmaluminios.pt\\\/wp-content\\\/uploads\\\/2026\\\/01\\\/Sem-titulo-1.png\",\"width\":1091,\"height\":240,\"caption\":\"MMAluminios\"},\"image\":{\"@id\":\"https:\\\/\\\/www.mmaluminios.pt\\\/#\\\/schema\\\/logo\\\/image\\\/\"},\"sameAs\":[\"https:\\\/\\\/www.facebook.com\\\/janelas.mmaluminios\",\"https:\\\/\\\/www.instagram.com\\\/mmaluminios.janelas\\\/\",\"https:\\\/\\\/www.linkedin.com\\\/company\\\/empresa-mmalumnios\"]}]}<\/script>\n<!-- \/ Yoast SEO plugin. -->","yoast_head_json":{"title":"Catalogs - PVC Windows | MMAlum\u00ednios","description":"MMAlum\u00ednios stands out for manufacturing PVC windows using the highest technology from the K\u00f6mmerling brand. Consult our catalogs.","robots":{"index":"index","follow":"follow","max-snippet":"max-snippet:-1","max-image-preview":"max-image-preview:large","max-video-preview":"max-video-preview:-1"},"canonical":"https:\/\/www.mmaluminios.pt\/en\/windows-catalogs\/","og_locale":"en_US","og_type":"article","og_title":"Catalogs - PVC Windows | MMAlum\u00ednios","og_description":"MMAlum\u00ednios stands out for manufacturing PVC windows using the highest technology from the K\u00f6mmerling brand. Consult our catalogs.","og_url":"https:\/\/www.mmaluminios.pt\/en\/windows-catalogs\/","og_site_name":"MMAluminios","article_publisher":"https:\/\/www.facebook.com\/janelas.mmaluminios","article_modified_time":"2026-04-13T15:46:44+00:00","twitter_card":"summary_large_image","twitter_misc":{"Est. reading time":"5 minutes"},"schema":{"@context":"https:\/\/schema.org","@graph":[{"@type":"WebPage","@id":"https:\/\/www.mmaluminios.pt\/en\/windows-catalogs\/","url":"https:\/\/www.mmaluminios.pt\/en\/windows-catalogs\/","name":"Catalogs - PVC Windows | MMAlum\u00ednios","isPartOf":{"@id":"https:\/\/www.mmaluminios.pt\/#website"},"datePublished":"2025-12-02T16:50:11+00:00","dateModified":"2026-04-13T15:46:44+00:00","description":"MMAlum\u00ednios stands out for manufacturing PVC windows using the highest technology from the K\u00f6mmerling brand. Consult our catalogs.","breadcrumb":{"@id":"https:\/\/www.mmaluminios.pt\/en\/windows-catalogs\/#breadcrumb"},"inLanguage":"en-US","potentialAction":[{"@type":"ReadAction","target":["https:\/\/www.mmaluminios.pt\/en\/windows-catalogs\/"]}]},{"@type":"BreadcrumbList","@id":"https:\/\/www.mmaluminios.pt\/en\/windows-catalogs\/#breadcrumb","itemListElement":[{"@type":"ListItem","position":1,"name":"In\u00edcio","item":"https:\/\/www.mmaluminios.pt\/en\/home\/"},{"@type":"ListItem","position":2,"name":"Windows catalogs"}]},{"@type":"WebSite","@id":"https:\/\/www.mmaluminios.pt\/#website","url":"https:\/\/www.mmaluminios.pt\/","name":"MMAluminios","description":"MMAluminios","publisher":{"@id":"https:\/\/www.mmaluminios.pt\/#organization"},"potentialAction":[{"@type":"SearchAction","target":{"@type":"EntryPoint","urlTemplate":"https:\/\/www.mmaluminios.pt\/?s={search_term_string}"},"query-input":{"@type":"PropertyValueSpecification","valueRequired":true,"valueName":"search_term_string"}}],"inLanguage":"en-US"},{"@type":"Organization","@id":"https:\/\/www.mmaluminios.pt\/#organization","name":"MMAluminios","url":"https:\/\/www.mmaluminios.pt\/","logo":{"@type":"ImageObject","inLanguage":"en-US","@id":"https:\/\/www.mmaluminios.pt\/#\/schema\/logo\/image\/","url":"https:\/\/www.mmaluminios.pt\/wp-content\/uploads\/2026\/01\/Sem-titulo-1.png","contentUrl":"https:\/\/www.mmaluminios.pt\/wp-content\/uploads\/2026\/01\/Sem-titulo-1.png","width":1091,"height":240,"caption":"MMAluminios"},"image":{"@id":"https:\/\/www.mmaluminios.pt\/#\/schema\/logo\/image\/"},"sameAs":["https:\/\/www.facebook.com\/janelas.mmaluminios","https:\/\/www.instagram.com\/mmaluminios.janelas\/","https:\/\/www.linkedin.com\/company\/empresa-mmalumnios"]}]}},"_links":{"self":[{"href":"https:\/\/www.mmaluminios.pt\/en\/wp-json\/wp\/v2\/pages\/1020","targetHints":{"allow":["GET"]}}],"collection":[{"href":"https:\/\/www.mmaluminios.pt\/en\/wp-json\/wp\/v2\/pages"}],"about":[{"href":"https:\/\/www.mmaluminios.pt\/en\/wp-json\/wp\/v2\/types\/page"}],"author":[{"embeddable":true,"href":"https:\/\/www.mmaluminios.pt\/en\/wp-json\/wp\/v2\/users\/2"}],"replies":[{"embeddable":true,"href":"https:\/\/www.mmaluminios.pt\/en\/wp-json\/wp\/v2\/comments?post=1020"}],"version-history":[{"count":4,"href":"https:\/\/www.mmaluminios.pt\/en\/wp-json\/wp\/v2\/pages\/1020\/revisions"}],"predecessor-version":[{"id":1428,"href":"https:\/\/www.mmaluminios.pt\/en\/wp-json\/wp\/v2\/pages\/1020\/revisions\/1428"}],"wp:attachment":[{"href":"https:\/\/www.mmaluminios.pt\/en\/wp-json\/wp\/v2\/media?parent=1020"}],"curies":[{"name":"wp","href":"https:\/\/api.w.org\/{rel}","templated":true}]}}